{"id":99,"date":"2019-03-08T06:20:03","date_gmt":"2019-03-08T06:20:03","guid":{"rendered":"https:\/\/alc-systems.com\/?page_id=99"},"modified":"2019-03-09T12:37:57","modified_gmt":"2019-03-09T09:37:57","slug":"kompozit-levha-kaplama","status":"publish","type":"page","link":"https:\/\/alc-systems.com\/index.php\/urunler\/kompozit-levha-kaplama\/","title":{"rendered":"Kompozit-Levha Kaplama"},"content":{"rendered":"<div class=\"row\"> <div class=\"col-md-4\">\n<p><img loading=\"lazy\" decoding=\"async\" data-attachment-id=\"250\" data-permalink=\"https:\/\/alc-systems.com\/index.php\/urunler\/kompozit-levha\/\" data-orig-file=\"https:\/\/alc-systems.com\/wp-content\/uploads\/2019\/03\/kompozit-levha.png\" data-orig-size=\"345,282\" data-comments-opened=\"1\" data-image-meta=\"{&quot;aperture&quot;:&quot;0&quot;,&quot;credit&quot;:&quot;&quot;,&quot;camera&quot;:&quot;&quot;,&quot;caption&quot;:&quot;&quot;,&quot;created_timestamp&quot;:&quot;0&quot;,&quot;copyright&quot;:&quot;&quot;,&quot;focal_length&quot;:&quot;0&quot;,&quot;iso&quot;:&quot;0&quot;,&quot;shutter_speed&quot;:&quot;0&quot;,&quot;title&quot;:&quot;&quot;,&quot;orientation&quot;:&quot;0&quot;}\" data-image-title=\"Kompozit Levha\" data-image-description=\"\" data-image-caption=\"&lt;p&gt;Kompozit Levha&lt;\/p&gt;\n\" data-large-file=\"https:\/\/alc-systems.com\/wp-content\/uploads\/2019\/03\/kompozit-levha.png\" class=\"alignnone size-medium wp-image-250\" src=\"https:\/\/alc-systems.com\/wp-content\/uploads\/2019\/03\/kompozit-levha-300x245.png\" alt=\"\" width=\"300\" height=\"245\" srcset=\"https:\/\/alc-systems.com\/wp-content\/uploads\/2019\/03\/kompozit-levha-300x245.png 300w, https:\/\/alc-systems.com\/wp-content\/uploads\/2019\/03\/kompozit-levha.png 345w\" sizes=\"auto, (max-width: 300px) 100vw, 300px\" \/><\/p>\n<\/div><div class=\"col-md-8\">\n<p>Kompozit levhalar d\u0131\u015f cepheler i\u00e7in 4 mm. kal\u0131nl\u0131\u011f\u0131nda, hafif, diren\u00e7li, asit, alkali, so\u011fuk ve s\u0131cak hava ko\u015fullar\u0131na dayan\u0131kl\u0131, \u0131s\u0131 izolasyonu konusunda iyi, kolayca i\u015flenebilir , \u00e7abuk monte edilebilir, gibi \u00f6zelliklere sahip bir cephe malzemesidir.<br \/>\nKompozit panellerde polietilen \u00f6zl\u00fc malzemeye sabit bir \u015fekilde yap\u0131\u015ft\u0131r\u0131lm\u0131\u015f ve korozyona dayan\u0131kl\u0131, iki adet al\u00fcminyum levha bulunmaktad\u0131r. \u00d6n y\u00fczeydeki al\u00fcminyum levha PVdF\u00a0 boyal\u0131d\u0131r. PVdF d\u0131\u015f hava ko\u015fullar\u0131na kar\u015f\u0131 dayan\u0131kl\u0131l\u0131\u011f\u0131 m\u00fckemmel olup d\u00fcnyada \u00e7ok ra\u011fbet edilen boya kaplama malzemesidir<\/p>\n<\/div><\/div>\n","protected":false},"excerpt":{"rendered":"","protected":false},"author":4,"featured_media":0,"parent":74,"menu_order":0,"comment_status":"closed","ping_status":"closed","template":"","meta":{"kt_blocks_editor_width":"","footnotes":""},"class_list":["post-99","page","type-page","status-publish","hentry"],"jetpack_shortlink":"https:\/\/wp.me\/PaMJF5-1B","jetpack_sharing_enabled":true,"amp_enabled":true,"_links":{"self":[{"href":"https:\/\/alc-systems.com\/index.php\/wp-json\/wp\/v2\/pages\/99","targetHints":{"allow":["GET"]}}],"collection":[{"href":"https:\/\/alc-systems.com\/index.php\/wp-json\/wp\/v2\/pages"}],"about":[{"href":"https:\/\/alc-systems.com\/index.php\/wp-json\/wp\/v2\/types\/page"}],"author":[{"embeddable":true,"href":"https:\/\/alc-systems.com\/index.php\/wp-json\/wp\/v2\/users\/4"}],"replies":[{"embeddable":true,"href":"https:\/\/alc-systems.com\/index.php\/wp-json\/wp\/v2\/comments?post=99"}],"version-history":[{"count":3,"href":"https:\/\/alc-systems.com\/index.php\/wp-json\/wp\/v2\/pages\/99\/revisions"}],"predecessor-version":[{"id":251,"href":"https:\/\/alc-systems.com\/index.php\/wp-json\/wp\/v2\/pages\/99\/revisions\/251"}],"up":[{"embeddable":true,"href":"https:\/\/alc-systems.com\/index.php\/wp-json\/wp\/v2\/pages\/74"}],"wp:attachment":[{"href":"https:\/\/alc-systems.com\/index.php\/wp-json\/wp\/v2\/media?parent=99"}],"curies":[{"name":"wp","href":"https:\/\/api.w.org\/{rel}","templated":true}]}}