{"id":97,"date":"2019-03-08T06:18:51","date_gmt":"2019-03-08T06:18:51","guid":{"rendered":"https:\/\/alc-systems.com\/?page_id=97"},"modified":"2019-03-09T12:07:17","modified_gmt":"2019-03-09T09:07:17","slug":"skylight","status":"publish","type":"page","link":"https:\/\/alc-systems.com\/index.php\/urunler\/skylight\/","title":{"rendered":"Skylight"},"content":{"rendered":"<div class=\"row\"> <div class=\"col-md-4\">\n<p><img loading=\"lazy\" decoding=\"async\" data-attachment-id=\"247\" data-permalink=\"https:\/\/alc-systems.com\/index.php\/urunler\/skylight-2\/\" data-orig-file=\"https:\/\/alc-systems.com\/wp-content\/uploads\/2019\/03\/skylight.png\" data-orig-size=\"346,284\" data-comments-opened=\"1\" data-image-meta=\"{&quot;aperture&quot;:&quot;0&quot;,&quot;credit&quot;:&quot;&quot;,&quot;camera&quot;:&quot;&quot;,&quot;caption&quot;:&quot;&quot;,&quot;created_timestamp&quot;:&quot;0&quot;,&quot;copyright&quot;:&quot;&quot;,&quot;focal_length&quot;:&quot;0&quot;,&quot;iso&quot;:&quot;0&quot;,&quot;shutter_speed&quot;:&quot;0&quot;,&quot;title&quot;:&quot;&quot;,&quot;orientation&quot;:&quot;0&quot;}\" data-image-title=\"Skylight\" data-image-description=\"\" data-image-caption=\"&lt;p&gt;Skylight&lt;\/p&gt;\n\" data-large-file=\"https:\/\/alc-systems.com\/wp-content\/uploads\/2019\/03\/skylight.png\" class=\"alignnone size-medium wp-image-247\" src=\"https:\/\/alc-systems.com\/wp-content\/uploads\/2019\/03\/skylight-300x246.png\" alt=\"\" width=\"300\" height=\"246\" srcset=\"https:\/\/alc-systems.com\/wp-content\/uploads\/2019\/03\/skylight-300x246.png 300w, https:\/\/alc-systems.com\/wp-content\/uploads\/2019\/03\/skylight.png 346w\" sizes=\"auto, (max-width: 300px) 100vw, 300px\" \/><\/p>\n<\/div><div class=\"col-md-8\">\n<p>ALCAS S\u0130STEMLER\u0130&#8217;nin AF68 skyligt sistemi 68 mm geni\u015fli\u011finde \u00e7elik takviyelidir. AF68 in \u00e7elik takviyeli olmas\u0131 \u00f6zelli\u011fi ile \u00e7ok geni\u015f a\u00e7\u0131kl\u0131klar\u0131 rahatl\u0131kla ge\u00e7ebilmektedir. Ta\u015f\u0131y\u0131c\u0131 profillerde bulunan kondens kanallar\u0131 sayesinde, hem sistem i\u00e7erisindeki yo\u011fu\u015fmalar\u0131 ve su s\u0131zmalar\u0131n\u0131, hem de i\u00e7 cam y\u00fczeyinde olu\u015fabilecek yo\u011fu\u015fma sular\u0131n\u0131 d\u0131\u015far\u0131 atabilecek yap\u0131ya sahiptir,<br \/>\nAF68 \u0131\u015f\u0131kl\u0131k sistemine her konumda a\u00e7\u0131l\u0131r kanatlar yap\u0131labilmekte ve bu kanatlara motorlu mekanizmalar konularak sens\u00f6rl\u00fc veya manuel olarak havaland\u0131rma ve duman tahliyesini otomatik olarak yap\u0131labilmektedir,.<br \/>\nSisteme farkl\u0131 kombinasyonlarda cam tak\u0131labilmekte yine farkl\u0131 kapak ve conta tasar\u0131m\u0131 ile su s\u0131zd\u0131rmazl\u0131\u011f\u0131 sa\u011flanmaktad\u0131r.<\/p>\n<\/div><\/div>\n","protected":false},"excerpt":{"rendered":"","protected":false},"author":4,"featured_media":0,"parent":74,"menu_order":0,"comment_status":"closed","ping_status":"closed","template":"","meta":{"kt_blocks_editor_width":"","footnotes":""},"class_list":["post-97","page","type-page","status-publish","hentry"],"jetpack_shortlink":"https:\/\/wp.me\/PaMJF5-1z","jetpack_sharing_enabled":true,"amp_enabled":true,"_links":{"self":[{"href":"https:\/\/alc-systems.com\/index.php\/wp-json\/wp\/v2\/pages\/97","targetHints":{"allow":["GET"]}}],"collection":[{"href":"https:\/\/alc-systems.com\/index.php\/wp-json\/wp\/v2\/pages"}],"about":[{"href":"https:\/\/alc-systems.com\/index.php\/wp-json\/wp\/v2\/types\/page"}],"author":[{"embeddable":true,"href":"https:\/\/alc-systems.com\/index.php\/wp-json\/wp\/v2\/users\/4"}],"replies":[{"embeddable":true,"href":"https:\/\/alc-systems.com\/index.php\/wp-json\/wp\/v2\/comments?post=97"}],"version-history":[{"count":3,"href":"https:\/\/alc-systems.com\/index.php\/wp-json\/wp\/v2\/pages\/97\/revisions"}],"predecessor-version":[{"id":248,"href":"https:\/\/alc-systems.com\/index.php\/wp-json\/wp\/v2\/pages\/97\/revisions\/248"}],"up":[{"embeddable":true,"href":"https:\/\/alc-systems.com\/index.php\/wp-json\/wp\/v2\/pages\/74"}],"wp:attachment":[{"href":"https:\/\/alc-systems.com\/index.php\/wp-json\/wp\/v2\/media?parent=97"}],"curies":[{"name":"wp","href":"https:\/\/api.w.org\/{rel}","templated":true}]}}