{"id":95,"date":"2019-03-08T06:18:14","date_gmt":"2019-03-08T06:18:14","guid":{"rendered":"https:\/\/alc-systems.com\/?page_id=95"},"modified":"2019-03-09T12:05:13","modified_gmt":"2019-03-09T09:05:13","slug":"transparan-cephe","status":"publish","type":"page","link":"https:\/\/alc-systems.com\/index.php\/urunler\/transparan-cephe\/","title":{"rendered":"Transparan Cephe"},"content":{"rendered":"<div class=\"row\"> <div class=\"col-md-4\">\n<p><img loading=\"lazy\" decoding=\"async\" data-attachment-id=\"244\" data-permalink=\"https:\/\/alc-systems.com\/index.php\/urunler\/transparan-cephe-2\/\" data-orig-file=\"https:\/\/alc-systems.com\/wp-content\/uploads\/2019\/03\/transparan-cephe.png\" data-orig-size=\"347,281\" data-comments-opened=\"1\" data-image-meta=\"{&quot;aperture&quot;:&quot;0&quot;,&quot;credit&quot;:&quot;&quot;,&quot;camera&quot;:&quot;&quot;,&quot;caption&quot;:&quot;&quot;,&quot;created_timestamp&quot;:&quot;0&quot;,&quot;copyright&quot;:&quot;&quot;,&quot;focal_length&quot;:&quot;0&quot;,&quot;iso&quot;:&quot;0&quot;,&quot;shutter_speed&quot;:&quot;0&quot;,&quot;title&quot;:&quot;&quot;,&quot;orientation&quot;:&quot;0&quot;}\" data-image-title=\"Transparan Cephe\" data-image-description=\"\" data-image-caption=\"&lt;p&gt;Transparan Cephe&lt;\/p&gt;\n\" data-large-file=\"https:\/\/alc-systems.com\/wp-content\/uploads\/2019\/03\/transparan-cephe.png\" class=\"alignnone size-medium wp-image-244\" src=\"https:\/\/alc-systems.com\/wp-content\/uploads\/2019\/03\/transparan-cephe-300x243.png\" alt=\"\" width=\"300\" height=\"243\" srcset=\"https:\/\/alc-systems.com\/wp-content\/uploads\/2019\/03\/transparan-cephe-300x243.png 300w, https:\/\/alc-systems.com\/wp-content\/uploads\/2019\/03\/transparan-cephe.png 347w\" sizes=\"auto, (max-width: 300px) 100vw, 300px\" \/><\/p>\n<\/div><div class=\"col-md-8\">\n<p>Transparan Cephe:Binalar\u0131n esteti\u011fini \u015feffaf,saydam bir \u015fekilde art\u0131rman\u0131n en g\u00fczel yoludur. Cam y\u00fck\u00fcn\u00fcn \u00e7elik kolonlara aktar\u0131lmas\u0131 ve \u00e7elik \u00f6r\u00fcmcek ayaklarla tutturulan camlar \u00e7er\u00e7eveye ihtiya\u00e7 olmadan yap\u0131labilen bir cam giydirme tekni\u011fidir. Transparan cephelerde temperli lamine cam veya temperli lamine \u0131s\u0131camlar farkl\u0131 kal\u0131nl\u0131k ve kombinasyonlarla istenilen perfonmans de\u011ferleri sa\u011flamaktad\u0131r. Derzlerde silikon veya \u015feffaf EPDM fitiller kullan\u0131lmaktad\u0131r.<\/p>\n<\/div><\/div>\n","protected":false},"excerpt":{"rendered":"","protected":false},"author":4,"featured_media":0,"parent":74,"menu_order":0,"comment_status":"closed","ping_status":"closed","template":"","meta":{"kt_blocks_editor_width":"","footnotes":""},"class_list":["post-95","page","type-page","status-publish","hentry"],"jetpack_shortlink":"https:\/\/wp.me\/PaMJF5-1x","jetpack_sharing_enabled":true,"amp_enabled":true,"_links":{"self":[{"href":"https:\/\/alc-systems.com\/index.php\/wp-json\/wp\/v2\/pages\/95","targetHints":{"allow":["GET"]}}],"collection":[{"href":"https:\/\/alc-systems.com\/index.php\/wp-json\/wp\/v2\/pages"}],"about":[{"href":"https:\/\/alc-systems.com\/index.php\/wp-json\/wp\/v2\/types\/page"}],"author":[{"embeddable":true,"href":"https:\/\/alc-systems.com\/index.php\/wp-json\/wp\/v2\/users\/4"}],"replies":[{"embeddable":true,"href":"https:\/\/alc-systems.com\/index.php\/wp-json\/wp\/v2\/comments?post=95"}],"version-history":[{"count":3,"href":"https:\/\/alc-systems.com\/index.php\/wp-json\/wp\/v2\/pages\/95\/revisions"}],"predecessor-version":[{"id":245,"href":"https:\/\/alc-systems.com\/index.php\/wp-json\/wp\/v2\/pages\/95\/revisions\/245"}],"up":[{"embeddable":true,"href":"https:\/\/alc-systems.com\/index.php\/wp-json\/wp\/v2\/pages\/74"}],"wp:attachment":[{"href":"https:\/\/alc-systems.com\/index.php\/wp-json\/wp\/v2\/media?parent=95"}],"curies":[{"name":"wp","href":"https:\/\/api.w.org\/{rel}","templated":true}]}}