{"id":93,"date":"2019-03-08T06:17:47","date_gmt":"2019-03-08T06:17:47","guid":{"rendered":"https:\/\/alc-systems.com\/?page_id=93"},"modified":"2019-03-09T11:46:16","modified_gmt":"2019-03-09T08:46:16","slug":"kapakli-cephe","status":"publish","type":"page","link":"https:\/\/alc-systems.com\/index.php\/urunler\/kapakli-cephe\/","title":{"rendered":"Kapakl\u0131 Cephe"},"content":{"rendered":"<div class=\"row\"> <div class=\"col-md-4\">\n<p><img loading=\"lazy\" decoding=\"async\" data-attachment-id=\"222\" data-permalink=\"https:\/\/alc-systems.com\/index.php\/urunler\/kapakli-cephe1\/\" data-orig-file=\"https:\/\/alc-systems.com\/wp-content\/uploads\/2019\/03\/kapakl\u0131-cephe1.png\" data-orig-size=\"349,287\" data-comments-opened=\"1\" data-image-meta=\"{&quot;aperture&quot;:&quot;0&quot;,&quot;credit&quot;:&quot;&quot;,&quot;camera&quot;:&quot;&quot;,&quot;caption&quot;:&quot;&quot;,&quot;created_timestamp&quot;:&quot;0&quot;,&quot;copyright&quot;:&quot;&quot;,&quot;focal_length&quot;:&quot;0&quot;,&quot;iso&quot;:&quot;0&quot;,&quot;shutter_speed&quot;:&quot;0&quot;,&quot;title&quot;:&quot;&quot;,&quot;orientation&quot;:&quot;0&quot;}\" data-image-title=\"Kapakl\u0131 Cephe\" data-image-description=\"\" data-image-caption=\"&lt;p&gt;Kapakl\u0131 Cephe&lt;\/p&gt;\n\" data-large-file=\"https:\/\/alc-systems.com\/wp-content\/uploads\/2019\/03\/kapakl\u0131-cephe1.png\" class=\"alignnone size-medium wp-image-222\" src=\"https:\/\/alc-systems.com\/wp-content\/uploads\/2019\/03\/kapakl\u0131-cephe1-300x247.png\" alt=\"\" width=\"300\" height=\"247\" srcset=\"https:\/\/alc-systems.com\/wp-content\/uploads\/2019\/03\/kapakl\u0131-cephe1-300x247.png 300w, https:\/\/alc-systems.com\/wp-content\/uploads\/2019\/03\/kapakl\u0131-cephe1.png 349w\" sizes=\"auto, (max-width: 300px) 100vw, 300px\" \/><\/p>\n<\/div><div class=\"col-md-8\">\n<p>Alc-Systems ALCAS S\u0130STEMLER\u0130&#8217;nin kapakl\u0131 cephelerini tercih etmi\u015ftir.Sistemde silikon cephe sisteminin ta\u015f\u0131y\u0131c\u0131lar\u0131 kullan\u0131larak kapakl\u0131 cephe sisteminde y\u00fcksek \u0131s\u0131 yal\u0131t\u0131m de\u011feri elde edilmi\u015ftir. Sisteme \u00f6zel tasarlanm\u0131\u015f \u0131s\u0131 bariyerleri sayesinde \u0131s\u0131 ge\u00e7i\u015fi \u00f6nlenmi\u015f ve sistem bu sayede zaman i\u00e7inde enerji tasarrufu sa\u011flayarak kendi maliyetlerini \u00e7\u0131kartacak bir duruma getirilmi\u015ftir. .<br \/>\nSistemin i\u00e7inde sunulan farkl\u0131 \u00f6l\u00e7\u00fclerdeki ta\u015f\u0131y\u0131c\u0131 profiller, farkl\u0131 a\u00e7\u0131kl\u0131k ve r\u00fczgar y\u00fcklerine kar\u015f\u0131 koyabilme se\u00e7ene\u011fi sa\u011flad\u0131\u011f\u0131 gibi, kendine \u00f6zg\u00fc kondens kanallar\u0131 sayesinde olu\u015fabilecek sular\u0131 d\u0131\u015far\u0131 atabilmektedir.<br \/>\nALCAS S\u0130STEMLER\u0130 yatay ve d\u00fc\u015fey kapakl\u0131 sistem, d\u00fc\u015feyi kapakl\u0131-yatay\u0131 silikon veya yatay\u0131 kapakl\u0131-d\u00fc\u015feyi silikon cephe \u00e7\u00f6z\u00fcmleri ile kendi i\u00e7in geni\u015f bir \u00fcr\u00fcn grubu sunmaktad\u0131r.<\/p>\n<p>AF 68 \u00c7EL\u0130K TAKV\u0130YEL\u0130 CEPHE<\/p>\n<p>Y\u00fcksek a\u00e7\u0131kl\u0131klarda kullanabilmek \u00fczere dizayn edilen, \u00e7elik profil takviyeli kapakl\u0131 cephe sistemi olan AF68 serisi 68 mm geni\u015fli\u011fe sahip olup 50\u2019lik, 80\u2019lik ,147\u2019lik ve 220&#8217;lik alt kapak profillerine sahiptir. AF50 serisinin bir \u00e7ok profil ve aksesuar\u0131n\u0131n ortak olarak kullan\u0131labildi\u011fi AF 68 serisi showroomlar, havaalanlar\u0131,otel lobileri gibi kat y\u00fcksekli\u011fi fazla olan b\u00f6lgelerde esnememesi, r\u00fczgar,deprem gibi \u015fartlarda cephelerin rijit durmas\u0131 ve camlar\u0131n k\u0131r\u0131lmamas\u0131 i\u00e7in ideal bir cephe sistemidir.<\/p>\n<\/div><\/div>\n","protected":false},"excerpt":{"rendered":"","protected":false},"author":4,"featured_media":0,"parent":74,"menu_order":0,"comment_status":"closed","ping_status":"closed","template":"","meta":{"kt_blocks_editor_width":"","footnotes":""},"class_list":["post-93","page","type-page","status-publish","hentry"],"jetpack_shortlink":"https:\/\/wp.me\/PaMJF5-1v","jetpack_sharing_enabled":true,"amp_enabled":true,"_links":{"self":[{"href":"https:\/\/alc-systems.com\/index.php\/wp-json\/wp\/v2\/pages\/93","targetHints":{"allow":["GET"]}}],"collection":[{"href":"https:\/\/alc-systems.com\/index.php\/wp-json\/wp\/v2\/pages"}],"about":[{"href":"https:\/\/alc-systems.com\/index.php\/wp-json\/wp\/v2\/types\/page"}],"author":[{"embeddable":true,"href":"https:\/\/alc-systems.com\/index.php\/wp-json\/wp\/v2\/users\/4"}],"replies":[{"embeddable":true,"href":"https:\/\/alc-systems.com\/index.php\/wp-json\/wp\/v2\/comments?post=93"}],"version-history":[{"count":11,"href":"https:\/\/alc-systems.com\/index.php\/wp-json\/wp\/v2\/pages\/93\/revisions"}],"predecessor-version":[{"id":232,"href":"https:\/\/alc-systems.com\/index.php\/wp-json\/wp\/v2\/pages\/93\/revisions\/232"}],"up":[{"embeddable":true,"href":"https:\/\/alc-systems.com\/index.php\/wp-json\/wp\/v2\/pages\/74"}],"wp:attachment":[{"href":"https:\/\/alc-systems.com\/index.php\/wp-json\/wp\/v2\/media?parent=93"}],"curies":[{"name":"wp","href":"https:\/\/api.w.org\/{rel}","templated":true}]}}