{"id":78,"date":"2019-03-08T06:10:05","date_gmt":"2019-03-08T06:10:05","guid":{"rendered":"https:\/\/alc-systems.com\/?page_id=78"},"modified":"2019-03-09T23:21:05","modified_gmt":"2019-03-09T20:21:05","slug":"insankaynaklari","status":"publish","type":"page","link":"https:\/\/alc-systems.com\/index.php\/insankaynaklari\/","title":{"rendered":"\u0130.K"},"content":{"rendered":"\n<div class=\"wpcf7 no-js\" id=\"wpcf7-f349-o1\" lang=\"tr-TR\" dir=\"ltr\" data-wpcf7-id=\"349\">\n<div class=\"screen-reader-response\"><p role=\"status\" aria-live=\"polite\" aria-atomic=\"true\"><\/p> <ul><\/ul><\/div>\n<form action=\"\/index.php\/wp-json\/wp\/v2\/pages\/78#wpcf7-f349-o1\" method=\"post\" class=\"wpcf7-form init\" aria-label=\"\u0130leti\u015fim Formu\" novalidate=\"novalidate\" data-status=\"init\">\n<fieldset class=\"hidden-fields-container\"><input type=\"hidden\" name=\"_wpcf7\" value=\"349\" \/><input type=\"hidden\" name=\"_wpcf7_version\" value=\"6.1.5\" \/><input type=\"hidden\" name=\"_wpcf7_locale\" value=\"tr_TR\" \/><input type=\"hidden\" name=\"_wpcf7_unit_tag\" value=\"wpcf7-f349-o1\" \/><input type=\"hidden\" name=\"_wpcf7_container_post\" value=\"0\" \/><input type=\"hidden\" name=\"_wpcf7_posted_data_hash\" value=\"\" \/>\n<\/fieldset>\n<div class=\"BasvuruFormu\">\n\t<p><input type=\"hidden\" value=\"1\" name=\"fpost\" \/>\n\t<\/p>\n\t<table width=\"50%\">\n\t\t<tbody>\n\t\t\t<tr>\n\t\t\t\t<td colspan=\"2\">\n\t\t\t\t\t<h3><strong>\u0130\u015f Ba\u015fvuru Formu<\/strong>\n\t\t\t\t\t<\/h3>\n\t\t\t\t<\/td>\n\t\t\t<\/tr>\n\t\t\t<tr>\n\t\t\t\t<td colspan=\"2\">\n\t\t\t\t\t<h3><strong>Ki\u015fisel Bilgiler<\/strong>\n\t\t\t\t\t<\/h3>\n\t\t\t\t<\/td>\n\t\t\t<\/tr>\n\t\t\t<tr>\n\t\t\t\t<td width=\"30%\">\n\t\t\t\t\t<p>Ad\u0131n\u0131z ve Soyad\u0131n\u0131z *\n\t\t\t\t\t<\/p>\n\t\t\t\t<\/td>\n\t\t\t\t<td width=\"70%\">\n\t\t\t\t\t<div class=\"iletisim-sagNew \">\n\t\t\t\t\t\t<div class=\"iletisim-sagbg\">\n\t\t\t\t\t\t<\/div>\n\t\t\t\t\t\t<div class=\"iletisim-ortabg\">\n\t\t\t\t\t\t\t<p><span class=\"wpcf7-form-control-wrap\" data-name=\"your-name\"><input size=\"40\" maxlength=\"400\" class=\"wpcf7-form-control wpcf7-text wpcf7-validates-as-required contactinput\" id=\"adiniz\" aria-required=\"true\" aria-invalid=\"false\" value=\"\" type=\"text\" name=\"your-name\" \/><\/span>\n\t\t\t\t\t\t\t<\/p>\n\t\t\t\t\t\t<\/div>\n\t\t\t\t\t\t<div class=\"iletisim-solbg\">\n\t\t\t\t\t\t<\/div>\n\t\t\t\t\t<\/div>\n\t\t\t\t<\/td>\n\t\t\t<\/tr>\n\t\t\t<tr>\n\t\t\t\t<td>\n\t\t\t\t\t<p>Do\u011fum Tarihi *\n\t\t\t\t\t<\/p>\n\t\t\t\t<\/td>\n\t\t\t\t<td>\n\t\t\t\t\t<p><span class=\"wpcf7-form-control-wrap\" data-name=\"menu-55\"><select class=\"wpcf7-form-control wpcf7-select inputlist\" id=\"dogumtarihigun\" aria-invalid=\"false\" name=\"menu-55\"><option value=\"G\u00fcn\">G\u00fcn<\/option><option value=\"1\">1<\/option><option value=\"2\">2<\/option><option value=\"3\">3<\/option><option value=\"4\">4<\/option><option value=\"5\">5<\/option><option value=\"6\">6<\/option><option value=\"7\">7<\/option><option value=\"8\">8<\/option><option value=\"9\">9<\/option><option value=\"10\">10<\/option><option value=\"11\">11<\/option><option value=\"12\">12<\/option><option value=\"13\">13<\/option><option value=\"14\">14<\/option><option value=\"15\">15<\/option><option value=\"16\">16<\/option><option value=\"17\">17<\/option><option value=\"18\">18<\/option><option value=\"19\">19<\/option><option value=\"20\">20<\/option><option value=\"21\">21<\/option><option value=\"22\">22<\/option><option value=\"23\">23<\/option><option value=\"24\">24<\/option><option value=\"25\">25<\/option><option value=\"26\">26<\/option><option value=\"27\">27<\/option><option value=\"28\">28<\/option><option value=\"29\">29<\/option><option value=\"30\">30<\/option><option value=\"31\">31<\/option><\/select><\/span><span class=\"wpcf7-form-control-wrap\" data-name=\"menu-214\"><select class=\"wpcf7-form-control wpcf7-select inputlist\" id=\"dogumtarihiay\" aria-invalid=\"false\" name=\"menu-214\"><option value=\"Ay\">Ay<\/option><option value=\"Ocak\">Ocak<\/option><option value=\"\u015eubat\">\u015eubat<\/option><option value=\"Mart\">Mart<\/option><option value=\"Nisan\">Nisan<\/option><option value=\"May\u0131s\">May\u0131s<\/option><option value=\"Haziran\">Haziran<\/option><option value=\"Temmuz\">Temmuz<\/option><option value=\"A\u011fustos\">A\u011fustos<\/option><option value=\"Eyl\u00fcl\">Eyl\u00fcl<\/option><option value=\"Ekim\">Ekim<\/option><option value=\"Kas\u0131m\">Kas\u0131m<\/option><option value=\"Aral\u0131k\">Aral\u0131k<\/option><\/select><\/span><span class=\"wpcf7-form-control-wrap\" data-name=\"menu-598\"><select class=\"wpcf7-form-control wpcf7-select wpcf7-validates-as-required inputlist\" id=\"dogumtarihiyil\" aria-required=\"true\" aria-invalid=\"false\" name=\"menu-598\"><option value=\"Y\u0131l\">Y\u0131l<\/option><option value=\"2002\">2002<\/option><option value=\"2001\">2001<\/option><option value=\"2000\">2000<\/option><option value=\"1999\">1999<\/option><option value=\"1998\">1998<\/option><option value=\"1997\">1997<\/option><option value=\"1996\">1996<\/option><option value=\"1995\">1995<\/option><option value=\"1994\">1994<\/option><option value=\"1993\">1993<\/option><option value=\"1992\">1992<\/option><option value=\"1991\">1991<\/option><option value=\"1990\">1990<\/option><option value=\"1989\">1989<\/option><option value=\"1988\">1988<\/option><option value=\"1987\">1987<\/option><option value=\"1986\">1986<\/option><option value=\"1985\">1985<\/option><option value=\"1984\">1984<\/option><option value=\"1983\">1983<\/option><option value=\"1982\">1982<\/option><option value=\"1981\">1981<\/option><option value=\"1980\">1980<\/option><option value=\"1979\">1979<\/option><option value=\"1978\">1978<\/option><option value=\"1977\">1977<\/option><option value=\"1976\">1976<\/option><option value=\"1975\">1975<\/option><option value=\"1974\">1974<\/option><option value=\"1973\">1973<\/option><option value=\"1972\">1972<\/option><option value=\"1971\">1971<\/option><option value=\"1970\">1970<\/option><option value=\"1969\">1969<\/option><option value=\"1968\">1968<\/option><option value=\"1967\">1967<\/option><option value=\"1966\">1966<\/option><option value=\"1965\">1965<\/option><option value=\"1964\">1964<\/option><option value=\"1963\">1963<\/option><option value=\"1962\">1962<\/option><option value=\"1961\">1961<\/option><option value=\"1960\">1960<\/option><option value=\"1959\">1959<\/option><option value=\"1958\">1958<\/option><option value=\"1957\">1957<\/option><option value=\"1956\">1956<\/option><option value=\"1955\">1955<\/option><option value=\"1954\">1954<\/option><option value=\"1953\">1953<\/option><option value=\"1952\">1952<\/option><option value=\"1951\">1951<\/option><option value=\"1950\">1950<\/option><\/select><\/span>\n\t\t\t\t\t<\/p>\n\t\t\t\t<\/td>\n\t\t\t<\/tr>\n\t\t\t<tr>\n\t\t\t\t<td>\n\t\t\t\t\t<p>Do\u011fum Yeri *\n\t\t\t\t\t<\/p>\n\t\t\t\t<\/td>\n\t\t\t\t<td>\n\t\t\t\t\t<div class=\"iletisim-sagNew \">\n\t\t\t\t\t\t<div class=\"iletisim-sagbg\">\n\t\t\t\t\t\t<\/div>\n\t\t\t\t\t\t<div class=\"iletisim-ortabg\">\n\t\t\t\t\t\t\t<p><span class=\"wpcf7-form-control-wrap\" data-name=\"text-943\"><input size=\"40\" maxlength=\"400\" class=\"wpcf7-form-control wpcf7-text wpcf7-validates-as-required contactinput\" id=\"dogumyeri\" aria-required=\"true\" aria-invalid=\"false\" value=\"\" type=\"text\" name=\"text-943\" \/><\/span>\n\t\t\t\t\t\t\t<\/p>\n\t\t\t\t\t\t<\/div>\n\t\t\t\t\t\t<div class=\"iletisim-solbg\">\n\t\t\t\t\t\t<\/div>\n\t\t\t\t\t<\/div>\n\t\t\t\t<\/td>\n\t\t\t<\/tr>\n\t\t\t<tr>\n\t\t\t\t<td>\n\t\t\t\t\t<p>Cinsiyet *\n\t\t\t\t\t<\/p>\n\t\t\t\t<\/td>\n\t\t\t\t<td>\n\t\t\t\t\t<p><span class=\"wpcf7-form-control-wrap\" data-name=\"menu-599\"><select class=\"wpcf7-form-control wpcf7-select wpcf7-validates-as-required inputlist\" id=\"cinsiyet\" aria-required=\"true\" aria-invalid=\"false\" name=\"menu-599\"><option value=\"Se\u00e7iniz\">Se\u00e7iniz<\/option><option value=\"Erkek\">Erkek<\/option><option value=\"Bayan\">Bayan<\/option><\/select><\/span>\n\t\t\t\t\t<\/p>\n\t\t\t\t<\/td>\n\t\t\t<\/tr>\n\t\t\t<tr>\n\t\t\t\t<td>\n\t\t\t\t\t<p>Medeni Hal *\n\t\t\t\t\t<\/p>\n\t\t\t\t<\/td>\n\t\t\t\t<td>\n\t\t\t\t\t<p><span class=\"wpcf7-form-control-wrap\" data-name=\"menu-525\"><select class=\"wpcf7-form-control wpcf7-select wpcf7-validates-as-required inputlist\" id=\"medenihal\" aria-required=\"true\" aria-invalid=\"false\" name=\"menu-525\"><option value=\"Se\u00e7iniz\">Se\u00e7iniz<\/option><option value=\"Bekar\">Bekar<\/option><option value=\"Evli\">Evli<\/option><\/select><\/span>\n\t\t\t\t\t<\/p>\n\t\t\t\t<\/td>\n\t\t\t<\/tr>\n\t\t\t<tr>\n\t\t\t\t<td>\n\t\t\t\t\t<p>Ehliyet (Tarih ve S\u0131n\u0131f\u0131) *\n\t\t\t\t\t<\/p>\n\t\t\t\t<\/td>\n\t\t\t\t<td>\n\t\t\t\t\t<div class=\"iletisim-sagNew \">\n\t\t\t\t\t\t<div class=\"iletisim-sagbg\">\n\t\t\t\t\t\t<\/div>\n\t\t\t\t\t\t<div class=\"iletisim-ortabg\">\n\t\t\t\t\t\t\t<p><span class=\"wpcf7-form-control-wrap\" data-name=\"text-384\"><input size=\"40\" maxlength=\"400\" class=\"wpcf7-form-control wpcf7-text contactinput\" id=\"ehliyet\" aria-invalid=\"false\" value=\"\" type=\"text\" name=\"text-384\" \/><\/span>\n\t\t\t\t\t\t\t<\/p>\n\t\t\t\t\t\t<\/div>\n\t\t\t\t\t\t<div class=\"iletisim-solbg\">\n\t\t\t\t\t\t<\/div>\n\t\t\t\t\t<\/div>\n\t\t\t\t<\/td>\n\t\t\t<\/tr>\n\t\t\t<tr>\n\t\t\t\t<td>\n\t\t\t\t\t<p>Askerlik Durumu *\n\t\t\t\t\t<\/p>\n\t\t\t\t<\/td>\n\t\t\t\t<td>\n\t\t\t\t\t<p><span class=\"wpcf7-form-control-wrap\" data-name=\"menu-602\"><select class=\"wpcf7-form-control wpcf7-select wpcf7-validates-as-required inputlist\" id=\"askerlik\" aria-required=\"true\" aria-invalid=\"false\" name=\"menu-602\"><option value=\"Se\u00e7iniz\">Se\u00e7iniz<\/option><option value=\"Yap\u0131ld\u0131\">Yap\u0131ld\u0131<\/option><option value=\"Tecilli\">Tecilli<\/option><option value=\"Muaf\">Muaf<\/option><\/select><\/span>\n\t\t\t\t\t<\/p>\n\t\t\t\t<\/td>\n\t\t\t<\/tr>\n\t\t\t<tr>\n\t\t\t\t<td >\n\t\t\t\t\t<p>Cep Telefonu *\n\t\t\t\t\t<\/p>\n\t\t\t\t<\/td>\n\t\t\t\t<td>\n\t\t\t\t\t<div class=\"iletisim-sagNew \">\n\t\t\t\t\t\t<div class=\"iletisim-sagbg\">\n\t\t\t\t\t\t<\/div>\n\t\t\t\t\t\t<div class=\"iletisim-ortabg\">\n\t\t\t\t\t\t\t<p><span class=\"wpcf7-form-control-wrap\" data-name=\"text-623\"><input size=\"40\" maxlength=\"400\" class=\"wpcf7-form-control wpcf7-text wpcf7-validates-as-required contactinput\" id=\"gsm\" aria-required=\"true\" aria-invalid=\"false\" value=\"\" type=\"text\" name=\"text-623\" \/><\/span>\n\t\t\t\t\t\t\t<\/p>\n\t\t\t\t\t\t<\/div>\n\t\t\t\t\t\t<div class=\"iletisim-solbg\">\n\t\t\t\t\t\t<\/div>\n\t\t\t\t\t<\/div>\n\t\t\t\t<\/td>\n\t\t\t<\/tr>\n\t\t\t<tr>\n\t\t\t\t<td>\n\t\t\t\t\t<p>E-mail *\n\t\t\t\t\t<\/p>\n\t\t\t\t<\/td>\n\t\t\t\t<td>\n\t\t\t\t\t<div class=\"iletisim-sagNew \">\n\t\t\t\t\t\t<div class=\"iletisim-sagbg\">\n\t\t\t\t\t\t<\/div>\n\t\t\t\t\t\t<div class=\"iletisim-ortabg\">\n\t\t\t\t\t\t\t<p><span class=\"wpcf7-form-control-wrap\" data-name=\"your-email\"><input size=\"40\" maxlength=\"400\" class=\"wpcf7-form-control wpcf7-email wpcf7-validates-as-required wpcf7-text wpcf7-validates-as-email contactinput\" id=\"email\" aria-required=\"true\" aria-invalid=\"false\" value=\"\" type=\"email\" name=\"your-email\" \/><\/span>\n\t\t\t\t\t\t\t<\/p>\n\t\t\t\t\t\t<\/div>\n\t\t\t\t\t\t<div class=\"iletisim-solbg\">\n\t\t\t\t\t\t<\/div>\n\t\t\t\t\t<\/div>\n\t\t\t\t<\/td>\n\t\t\t<\/tr>\n\t\t\t<tr>\n\t\t\t\t<td colspan=\"2\">\n\t\t\t\t\t<h3><strong>\u00d6\u011frenim Durumu ve Mesleki Bilgiler<\/strong>\n\t\t\t\t\t<\/h3>\n\t\t\t\t<\/td>\n\t\t\t<\/tr>\n\t\t\t<tr>\n\t\t\t\t<td>\n\t\t\t\t\t<p>\u00d6\u011frenim durumunuz\n\t\t\t\t\t<\/p>\n\t\t\t\t<\/td>\n\t\t\t\t<td>\n\t\t\t\t\t<p><span class=\"wpcf7-form-control-wrap\" data-name=\"menu-392\"><select class=\"wpcf7-form-control wpcf7-select wpcf7-validates-as-required inputlist\" id=\"ogrenimdurum\" aria-required=\"true\" aria-invalid=\"false\" name=\"menu-392\"><option value=\"Se\u00e7iniz\">Se\u00e7iniz<\/option><option value=\"\u0130lkokul\">\u0130lkokul<\/option><option value=\"Ortaokul\">Ortaokul<\/option><option value=\"Lise\">Lise<\/option><option value=\"Y\u00fcksek Okul\">Y\u00fcksek Okul<\/option><option value=\"\u00dcniversite\">\u00dcniversite<\/option><option value=\"Y\u00fcksek Lisans\">Y\u00fcksek Lisans<\/option><option value=\"Doktora\">Doktora<\/option><\/select><\/span>\n\t\t\t\t\t<\/p>\n\t\t\t\t<\/td>\n\t\t\t<\/tr>\n\t\t\t<tr>\n\t\t\t\t<td>\n\t\t\t\t\t<p>En son bitirdi\u011finiz okulun ad\u0131\n\t\t\t\t\t<\/p>\n\t\t\t\t<\/td>\n\t\t\t\t<td>\n\t\t\t\t\t<div class=\"iletisim-sagNew \">\n\t\t\t\t\t\t<div class=\"iletisim-sagbg\">\n\t\t\t\t\t\t<\/div>\n\t\t\t\t\t\t<div class=\"iletisim-ortabg\">\n\t\t\t\t\t\t\t<p><span class=\"wpcf7-form-control-wrap\" data-name=\"text-479\"><input size=\"40\" maxlength=\"400\" class=\"wpcf7-form-control wpcf7-text contactinput\" id=\"ensonbitenokul\" aria-invalid=\"false\" value=\"\" type=\"text\" name=\"text-479\" \/><\/span>\n\t\t\t\t\t\t\t<\/p>\n\t\t\t\t\t\t<\/div>\n\t\t\t\t\t\t<div class=\"iletisim-solbg\">\n\t\t\t\t\t\t<\/div>\n\t\t\t\t\t<\/div>\n\t\t\t\t<\/td>\n\t\t\t<\/tr>\n\t\t\t<tr>\n\t\t\t\t<td>\n\t\t\t\t\t<p>Mesle\u011finiz\n\t\t\t\t\t<\/p>\n\t\t\t\t<\/td>\n\t\t\t\t<td>\n\t\t\t\t\t<div class=\"iletisim-sagNew \">\n\t\t\t\t\t\t<div class=\"iletisim-sagbg\">\n\t\t\t\t\t\t<\/div>\n\t\t\t\t\t\t<div class=\"iletisim-ortabg\">\n\t\t\t\t\t\t\t<p><span class=\"wpcf7-form-control-wrap\" data-name=\"text-708\"><input size=\"40\" maxlength=\"400\" class=\"wpcf7-form-control wpcf7-text contactinput\" id=\"mesleginiz\" aria-invalid=\"false\" value=\"\" type=\"text\" name=\"text-708\" \/><\/span>\n\t\t\t\t\t\t\t<\/p>\n\t\t\t\t\t\t<\/div>\n\t\t\t\t\t\t<div class=\"iletisim-solbg\">\n\t\t\t\t\t\t<\/div>\n\t\t\t\t\t<\/div>\n\t\t\t\t<\/td>\n\t\t\t<\/tr>\n\t\t\t<tr>\n\t\t\t\t<td>\n\t\t\t\t\t<p>Bildi\u011finiz yabanc\u0131 dil\n\t\t\t\t\t<\/p>\n\t\t\t\t<\/td>\n\t\t\t\t<td>\n\t\t\t\t\t<div class=\"iletisim-sagNew \">\n\t\t\t\t\t\t<div class=\"iletisim-sagbg\">\n\t\t\t\t\t\t<\/div>\n\t\t\t\t\t\t<div class=\"iletisim-ortabg\">\n\t\t\t\t\t\t\t<p><span class=\"wpcf7-form-control-wrap\" data-name=\"text-424\"><input size=\"40\" maxlength=\"400\" class=\"wpcf7-form-control wpcf7-text contactinput\" id=\"yabancidil\" aria-invalid=\"false\" value=\"\" type=\"text\" name=\"text-424\" \/><\/span>\n\t\t\t\t\t\t\t<\/p>\n\t\t\t\t\t\t<\/div>\n\t\t\t\t\t\t<div class=\"iletisim-solbg\">\n\t\t\t\t\t\t<\/div>\n\t\t\t\t\t<\/div>\n\t\t\t\t<\/td>\n\t\t\t<\/tr>\n\t\t\t<tr>\n\t\t\t\t<td>\n\t\t\t\t\t<p>\u00c7al\u0131\u015fmak istedi\u011finiz b\u00f6l\u00fcm\n\t\t\t\t\t<\/p>\n\t\t\t\t<\/td>\n\t\t\t\t<td>\n\t\t\t\t\t<div class=\"iletisim-sagNew \">\n\t\t\t\t\t\t<div class=\"iletisim-sagbg\">\n\t\t\t\t\t\t<\/div>\n\t\t\t\t\t\t<div class=\"iletisim-ortabg\">\n\t\t\t\t\t\t\t<p><span class=\"wpcf7-form-control-wrap\" data-name=\"text-369\"><input size=\"40\" maxlength=\"400\" class=\"wpcf7-form-control wpcf7-text contactinput\" id=\"calismakistenilenbolum\" aria-invalid=\"false\" value=\"\" type=\"text\" name=\"text-369\" \/><\/span>\n\t\t\t\t\t\t\t<\/p>\n\t\t\t\t\t\t<\/div>\n\t\t\t\t\t\t<div class=\"iletisim-solbg\">\n\t\t\t\t\t\t<\/div>\n\t\t\t\t\t<\/div>\n\t\t\t\t<\/td>\n\t\t\t<\/tr>\n\t\t\t<tr>\n\t\t\t\t<td>\n\t\t\t\t\t<p>Ba\u015flayabilece\u011finiz tarih\n\t\t\t\t\t<\/p>\n\t\t\t\t<\/td>\n\t\t\t\t<td>\n\t\t\t\t\t<div class=\"iletisim-sagaNew \">\n\t\t\t\t\t\t<div class=\"iletisim-sagbg\">\n\t\t\t\t\t\t<\/div>\n\t\t\t\t\t\t<div class=\"iletisim-ortabg\">\n\t\t\t\t\t\t\t<p><span class=\"wpcf7-form-control-wrap\" data-name=\"text-0\"><input size=\"40\" maxlength=\"400\" class=\"wpcf7-form-control wpcf7-text contactinput\" id=\"baslangictarihi\" aria-invalid=\"false\" value=\"\" type=\"text\" name=\"text-0\" \/><\/span>\n\t\t\t\t\t\t\t<\/p>\n\t\t\t\t\t\t<\/div>\n\t\t\t\t\t\t<div class=\"iletisim-solbg\">\n\t\t\t\t\t\t<\/div>\n\t\t\t\t\t<\/div>\n\t\t\t\t<\/td>\n\t\t\t<\/tr>\n\t\t\t<tr>\n\t\t\t\t<td colspan=\"2\">\n\t\t\t\t\t<h3><strong>\u0130\u015f Deneyimleriniz<\/strong>\n\t\t\t\t\t<\/h3>\n\t\t\t\t<\/td>\n\t\t\t<\/tr>\n\t\t\t<tr>\n\t\t\t\t<td>\n\t\t\t\t\t<p>En son i\u015fyerinin ad\u0131\n\t\t\t\t\t<\/p>\n\t\t\t\t<\/td>\n\t\t\t\t<td>\n\t\t\t\t\t<div class=\"iletisim-sagNew \">\n\t\t\t\t\t\t<div class=\"iletisim-sagbg\">\n\t\t\t\t\t\t<\/div>\n\t\t\t\t\t\t<div class=\"iletisim-ortabg\">\n\t\t\t\t\t\t\t<p><span class=\"wpcf7-form-control-wrap\" data-name=\"text-145\"><input size=\"40\" maxlength=\"400\" class=\"wpcf7-form-control wpcf7-text contactinput\" id=\"isyeriadi\" aria-invalid=\"false\" value=\"\" type=\"text\" name=\"text-145\" \/><\/span>\n\t\t\t\t\t\t\t<\/p>\n\t\t\t\t\t\t<\/div>\n\t\t\t\t\t\t<div class=\"iletisim-solbg\">\n\t\t\t\t\t\t<\/div>\n\t\t\t\t\t<\/div>\n\t\t\t\t<\/td>\n\t\t\t<\/tr>\n\t\t\t<tr>\n\t\t\t\t<td>\n\t\t\t\t\t<p>G\u00f6reviniz\n\t\t\t\t\t<\/p>\n\t\t\t\t<\/td>\n\t\t\t\t<td>\n\t\t\t\t\t<div class=\"iletisim-sagNew \">\n\t\t\t\t\t\t<div class=\"iletisim-sagbg\">\n\t\t\t\t\t\t<\/div>\n\t\t\t\t\t\t<div class=\"iletisim-ortabg\">\n\t\t\t\t\t\t\t<p><span class=\"wpcf7-form-control-wrap\" data-name=\"text-222\"><input size=\"40\" maxlength=\"400\" class=\"wpcf7-form-control wpcf7-text contactinput\" id=\"gorevi\" aria-invalid=\"false\" value=\"\" type=\"text\" name=\"text-222\" \/><\/span>\n\t\t\t\t\t\t\t<\/p>\n\t\t\t\t\t\t<\/div>\n\t\t\t\t\t\t<div class=\"iletisim-solbg\">\n\t\t\t\t\t\t<\/div>\n\t\t\t\t\t<\/div>\n\t\t\t\t<\/td>\n\t\t\t<\/tr>\n\t\t\t<tr>\n\t\t\t\t<td>\n\t\t\t\t\t<p>Br\u00fct \u00fccret\n\t\t\t\t\t<\/p>\n\t\t\t\t<\/td>\n\t\t\t\t<td>\n\t\t\t\t\t<div class=\"iletisim-sagNew \">\n\t\t\t\t\t\t<div class=\"iletisim-sagbg\">\n\t\t\t\t\t\t<\/div>\n\t\t\t\t\t\t<div class=\"iletisim-ortabg\">\n\t\t\t\t\t\t\t<p><span class=\"wpcf7-form-control-wrap\" data-name=\"text-447\"><input size=\"40\" maxlength=\"400\" class=\"wpcf7-form-control wpcf7-text contactinput\" id=\"ucret\" aria-invalid=\"false\" value=\"\" type=\"text\" name=\"text-447\" \/><\/span>\n\t\t\t\t\t\t\t<\/p>\n\t\t\t\t\t\t<\/div>\n\t\t\t\t\t\t<div class=\"iletisim-solbg\">\n\t\t\t\t\t\t<\/div>\n\t\t\t\t\t<\/div>\n\t\t\t\t<\/td>\n\t\t\t<\/tr>\n\t\t\t<tr>\n\t\t\t\t<td>\n\t\t\t\t\t<p>\u00c7al\u0131\u015fma D\u00f6nemi\n\t\t\t\t\t<\/p>\n\t\t\t\t<\/td>\n\t\t\t\t<td>\n\t\t\t\t\t<div class=\"iletisim-sagNew \">\n\t\t\t\t\t\t<div class=\"iletisim-sagbg\">\n\t\t\t\t\t\t<\/div>\n\t\t\t\t\t\t<div class=\"iletisim-ortabg\">\n\t\t\t\t\t\t\t<p><span class=\"wpcf7-form-control-wrap\" data-name=\"text-491\"><input size=\"40\" maxlength=\"400\" class=\"wpcf7-form-control wpcf7-text contactinput\" id=\"calismadonemi\" aria-invalid=\"false\" value=\"\" type=\"text\" name=\"text-491\" \/><\/span>\n\t\t\t\t\t\t\t<\/p>\n\t\t\t\t\t\t<\/div>\n\t\t\t\t\t\t<div class=\"iletisim-solbg\">\n\t\t\t\t\t\t<\/div>\n\t\t\t\t\t<\/div>\n\t\t\t\t<\/td>\n\t\t\t<\/tr>\n\t\t\t<tr>\n\t\t\t\t<td>\n\t\t\t\t\t<p>Ayr\u0131lma Nedeni\n\t\t\t\t\t<\/p>\n\t\t\t\t<\/td>\n\t\t\t\t<td>\n\t\t\t\t\t<div class=\"iletisim-sagNew \">\n\t\t\t\t\t\t<div class=\"iletisim-sagbg\">\n\t\t\t\t\t\t<\/div>\n\t\t\t\t\t\t<div class=\"iletisim-ortabg\">\n\t\t\t\t\t\t\t<p><span class=\"wpcf7-form-control-wrap\" data-name=\"text-650\"><input size=\"40\" maxlength=\"400\" class=\"wpcf7-form-control wpcf7-text contactinput\" id=\"ayrilisnedeni\" aria-invalid=\"false\" value=\"\" type=\"text\" name=\"text-650\" \/><\/span>\n\t\t\t\t\t\t\t<\/p>\n\t\t\t\t\t\t<\/div>\n\t\t\t\t\t\t<div class=\"iletisim-solbg\">\n\t\t\t\t\t\t<\/div>\n\t\t\t\t\t<\/div>\n\t\t\t\t<\/td>\n\t\t\t<\/tr>\n\t\t\t<tr>\n\t\t\t\t<td colspan=\"2\">\n\t\t\t\t\t<h3><strong>Referanslar\u0131n\u0131z <\/strong>\n\t\t\t\t\t<\/h3>\n\t\t\t\t<\/td>\n\t\t\t<\/tr>\n\t\t\t<tr>\n\t\t\t\t<td>\n\t\t\t\t\t<p>Ad\u0131 ve Soyad\u0131\n\t\t\t\t\t<\/p>\n\t\t\t\t<\/td>\n\t\t\t\t<td>\n\t\t\t\t\t<div class=\"iletisim-sagNew \">\n\t\t\t\t\t\t<div class=\"iletisim-sagbg\">\n\t\t\t\t\t\t<\/div>\n\t\t\t\t\t\t<div class=\"iletisim-ortabg\">\n\t\t\t\t\t\t\t<p><span class=\"wpcf7-form-control-wrap\" data-name=\"text-733\"><input size=\"40\" maxlength=\"400\" class=\"wpcf7-form-control wpcf7-text contactinput\" id=\"refadsoyad\" aria-invalid=\"false\" value=\"\" type=\"text\" name=\"text-733\" \/><\/span>\n\t\t\t\t\t\t\t<\/p>\n\t\t\t\t\t\t<\/div>\n\t\t\t\t\t\t<div class=\"iletisim-solbg\">\n\t\t\t\t\t\t<\/div>\n\t\t\t\t\t<\/div>\n\t\t\t\t<\/td>\n\t\t\t<\/tr>\n\t\t\t<tr>\n\t\t\t\t<td>\n\t\t\t\t\t<p>Telefonu\n\t\t\t\t\t<\/p>\n\t\t\t\t<\/td>\n\t\t\t\t<td>\n\t\t\t\t\t<div class=\"iletisim-sagNew \">\n\t\t\t\t\t\t<div class=\"iletisim-sagbg\">\n\t\t\t\t\t\t<\/div>\n\t\t\t\t\t\t<div class=\"iletisim-ortabg\">\n\t\t\t\t\t\t\t<p><span class=\"wpcf7-form-control-wrap\" data-name=\"text-726\"><input size=\"40\" maxlength=\"400\" class=\"wpcf7-form-control wpcf7-text contactinput\" id=\"reftel\" aria-invalid=\"false\" value=\"\" type=\"text\" name=\"text-726\" \/><\/span>\n\t\t\t\t\t\t\t<\/p>\n\t\t\t\t\t\t<\/div>\n\t\t\t\t\t\t<div class=\"iletisim-solbg\">\n\t\t\t\t\t\t<\/div>\n\t\t\t\t\t<\/div>\n\t\t\t\t<\/td>\n\t\t\t<\/tr>\n\t\t\t<tr>\n\t\t\t\t<td>\n\t\t\t\t\t<p>G\u00f6revi\n\t\t\t\t\t<\/p>\n\t\t\t\t<\/td>\n\t\t\t\t<td>\n\t\t\t\t\t<div class=\"iletisim-sagNew \">\n\t\t\t\t\t\t<div class=\"iletisim-sagbg\">\n\t\t\t\t\t\t<\/div>\n\t\t\t\t\t\t<div class=\"iletisim-ortabg\">\n\t\t\t\t\t\t\t<p><span class=\"wpcf7-form-control-wrap\" data-name=\"text-820\"><input size=\"40\" maxlength=\"400\" class=\"wpcf7-form-control wpcf7-text contactinput\" id=\"refgorevi\" aria-invalid=\"false\" value=\"\" type=\"text\" name=\"text-820\" \/><\/span>\n\t\t\t\t\t\t\t<\/p>\n\t\t\t\t\t\t<\/div>\n\t\t\t\t\t\t<div class=\"iletisim-solbg\">\n\t\t\t\t\t\t<\/div>\n\t\t\t\t\t<\/div>\n\t\t\t\t<\/td>\n\t\t\t<\/tr>\n\t\t<\/tbody>\n\t<\/table>\n\t<div class=\"iletisim-gonder\">\n\t\t<p><input class=\"wpcf7-form-control wpcf7-submit has-spinner\" type=\"submit\" value=\"G\u00f6nder\" \/>\n\t\t<\/p>\n\t<\/div>\n<\/div><p style=\"display: none !important;\" class=\"akismet-fields-container\" data-prefix=\"_wpcf7_ak_\"><label>&#916;<textarea name=\"_wpcf7_ak_hp_textarea\" cols=\"45\" rows=\"8\" maxlength=\"100\"><\/textarea><\/label><input type=\"hidden\" id=\"ak_js_1\" name=\"_wpcf7_ak_js\" value=\"3\"\/><script>document.getElementById( \"ak_js_1\" ).setAttribute( \"value\", ( new Date() ).getTime() );<\/script><\/p><div class=\"wpcf7-response-output\" aria-hidden=\"true\"><\/div>\n<\/form>\n<\/div>\n\n","protected":false},"excerpt":{"rendered":"","protected":false},"author":4,"featured_media":0,"parent":0,"menu_order":0,"comment_status":"closed","ping_status":"closed","template":"","meta":{"kt_blocks_editor_width":"","footnotes":""},"class_list":["post-78","page","type-page","status-publish","hentry"],"jetpack_shortlink":"https:\/\/wp.me\/PaMJF5-1g","jetpack_sharing_enabled":true,"amp_enabled":true,"_links":{"self":[{"href":"https:\/\/alc-systems.com\/index.php\/wp-json\/wp\/v2\/pages\/78","targetHints":{"allow":["GET"]}}],"collection":[{"href":"https:\/\/alc-systems.com\/index.php\/wp-json\/wp\/v2\/pages"}],"about":[{"href":"https:\/\/alc-systems.com\/index.php\/wp-json\/wp\/v2\/types\/page"}],"author":[{"embeddable":true,"href":"https:\/\/alc-systems.com\/index.php\/wp-json\/wp\/v2\/users\/4"}],"replies":[{"embeddable":true,"href":"https:\/\/alc-systems.com\/index.php\/wp-json\/wp\/v2\/comments?post=78"}],"version-history":[{"count":7,"href":"https:\/\/alc-systems.com\/index.php\/wp-json\/wp\/v2\/pages\/78\/revisions"}],"predecessor-version":[{"id":352,"href":"https:\/\/alc-systems.com\/index.php\/wp-json\/wp\/v2\/pages\/78\/revisions\/352"}],"wp:attachment":[{"href":"https:\/\/alc-systems.com\/index.php\/wp-json\/wp\/v2\/media?parent=78"}],"curies":[{"name":"wp","href":"https:\/\/api.w.org\/{rel}","templated":true}]}}