{"id":74,"date":"2019-03-08T06:09:03","date_gmt":"2019-03-08T06:09:03","guid":{"rendered":"https:\/\/alc-systems.com\/?page_id=74"},"modified":"2019-03-09T16:52:53","modified_gmt":"2019-03-09T13:52:53","slug":"urunler","status":"publish","type":"page","link":"https:\/\/alc-systems.com\/index.php\/urunler\/","title":{"rendered":"\u00dcr\u00fcnler"},"content":{"rendered":"<figure id=\"attachment_233\" class=\"thumbnail wp-caption alignleft\" style=\"width: 147px\"><a href=\"https:\/\/alc-systems.com\/index.php\/urunler\/silikon-cephe\/\"><img loading=\"lazy\" decoding=\"async\" data-attachment-id=\"233\" data-permalink=\"https:\/\/alc-systems.com\/index.php\/urunler\/silikon-cephe-2\/\" data-orig-file=\"https:\/\/alc-systems.com\/wp-content\/uploads\/2019\/03\/silikon-cephe.png\" data-orig-size=\"350,291\" data-comments-opened=\"1\" data-image-meta=\"{&quot;aperture&quot;:&quot;0&quot;,&quot;credit&quot;:&quot;&quot;,&quot;camera&quot;:&quot;&quot;,&quot;caption&quot;:&quot;&quot;,&quot;created_timestamp&quot;:&quot;0&quot;,&quot;copyright&quot;:&quot;&quot;,&quot;focal_length&quot;:&quot;0&quot;,&quot;iso&quot;:&quot;0&quot;,&quot;shutter_speed&quot;:&quot;0&quot;,&quot;title&quot;:&quot;&quot;,&quot;orientation&quot;:&quot;0&quot;}\" data-image-title=\"Silikon Cephe\" data-image-description=\"&lt;p&gt;&lt;a href=&quot;https:\/\/alc-systems.com\/index.php\/urunler\/silikon-cephe\/&quot;&gt;Silikon Cephe&lt;\/a&gt;&lt;\/p&gt;\n\" data-image-caption=\"&lt;p&gt;Silikon Cephe&lt;\/p&gt;\n\" data-large-file=\"https:\/\/alc-systems.com\/wp-content\/uploads\/2019\/03\/silikon-cephe.png\" class=\"wp-image-233\" src=\"https:\/\/alc-systems.com\/wp-content\/uploads\/2019\/03\/silikon-cephe-300x249.png\" alt=\"\" width=\"147\" height=\"122\" srcset=\"https:\/\/alc-systems.com\/wp-content\/uploads\/2019\/03\/silikon-cephe-300x249.png 300w, https:\/\/alc-systems.com\/wp-content\/uploads\/2019\/03\/silikon-cephe.png 350w\" sizes=\"auto, (max-width: 147px) 100vw, 147px\" \/><\/a><figcaption class=\"caption wp-caption-text\">Silikon Cephe<\/figcaption><\/figure>\n<figure id=\"attachment_222\" class=\"thumbnail wp-caption alignleft\" style=\"width: 148px\"><a href=\"https:\/\/alc-systems.com\/index.php\/urunler\/kapakli-cephe\/\"><img loading=\"lazy\" decoding=\"async\" data-attachment-id=\"222\" data-permalink=\"https:\/\/alc-systems.com\/index.php\/urunler\/kapakli-cephe1\/\" data-orig-file=\"https:\/\/alc-systems.com\/wp-content\/uploads\/2019\/03\/kapakl\u0131-cephe1.png\" data-orig-size=\"349,287\" data-comments-opened=\"1\" data-image-meta=\"{&quot;aperture&quot;:&quot;0&quot;,&quot;credit&quot;:&quot;&quot;,&quot;camera&quot;:&quot;&quot;,&quot;caption&quot;:&quot;&quot;,&quot;created_timestamp&quot;:&quot;0&quot;,&quot;copyright&quot;:&quot;&quot;,&quot;focal_length&quot;:&quot;0&quot;,&quot;iso&quot;:&quot;0&quot;,&quot;shutter_speed&quot;:&quot;0&quot;,&quot;title&quot;:&quot;&quot;,&quot;orientation&quot;:&quot;0&quot;}\" data-image-title=\"Kapakl\u0131 Cephe\" data-image-description=\"\" data-image-caption=\"&lt;p&gt;Kapakl\u0131 Cephe&lt;\/p&gt;\n\" data-large-file=\"https:\/\/alc-systems.com\/wp-content\/uploads\/2019\/03\/kapakl\u0131-cephe1.png\" class=\"wp-image-222\" src=\"https:\/\/alc-systems.com\/wp-content\/uploads\/2019\/03\/kapakl\u0131-cephe1-300x247.png\" alt=\"\" width=\"148\" height=\"122\" srcset=\"https:\/\/alc-systems.com\/wp-content\/uploads\/2019\/03\/kapakl\u0131-cephe1-300x247.png 300w, https:\/\/alc-systems.com\/wp-content\/uploads\/2019\/03\/kapakl\u0131-cephe1.png 349w\" sizes=\"auto, (max-width: 148px) 100vw, 148px\" \/><\/a><figcaption class=\"caption wp-caption-text\">Kapakl\u0131 Cephe<\/figcaption><\/figure>\n<figure id=\"attachment_244\" class=\"thumbnail wp-caption alignleft\" style=\"width: 151px\"><a href=\"https:\/\/alc-systems.com\/index.php\/urunler\/transparan-cephe\/\"><img loading=\"lazy\" decoding=\"async\" data-attachment-id=\"244\" data-permalink=\"https:\/\/alc-systems.com\/index.php\/urunler\/transparan-cephe-2\/\" data-orig-file=\"https:\/\/alc-systems.com\/wp-content\/uploads\/2019\/03\/transparan-cephe.png\" data-orig-size=\"347,281\" data-comments-opened=\"1\" data-image-meta=\"{&quot;aperture&quot;:&quot;0&quot;,&quot;credit&quot;:&quot;&quot;,&quot;camera&quot;:&quot;&quot;,&quot;caption&quot;:&quot;&quot;,&quot;created_timestamp&quot;:&quot;0&quot;,&quot;copyright&quot;:&quot;&quot;,&quot;focal_length&quot;:&quot;0&quot;,&quot;iso&quot;:&quot;0&quot;,&quot;shutter_speed&quot;:&quot;0&quot;,&quot;title&quot;:&quot;&quot;,&quot;orientation&quot;:&quot;0&quot;}\" data-image-title=\"Transparan Cephe\" data-image-description=\"\" data-image-caption=\"&lt;p&gt;Transparan Cephe&lt;\/p&gt;\n\" data-large-file=\"https:\/\/alc-systems.com\/wp-content\/uploads\/2019\/03\/transparan-cephe.png\" class=\"wp-image-244\" src=\"https:\/\/alc-systems.com\/wp-content\/uploads\/2019\/03\/transparan-cephe-300x243.png\" alt=\"\" width=\"151\" height=\"122\" srcset=\"https:\/\/alc-systems.com\/wp-content\/uploads\/2019\/03\/transparan-cephe-300x243.png 300w, https:\/\/alc-systems.com\/wp-content\/uploads\/2019\/03\/transparan-cephe.png 347w\" sizes=\"auto, (max-width: 151px) 100vw, 151px\" \/><\/a><figcaption class=\"caption wp-caption-text\">Transparan Cephe<\/figcaption><\/figure>\n<figure id=\"attachment_250\" class=\"thumbnail wp-caption alignleft\" style=\"width: 149px\"><a href=\"https:\/\/alc-systems.com\/index.php\/urunler\/kompozit-levha-kaplama\/\"><img loading=\"lazy\" decoding=\"async\" data-attachment-id=\"250\" data-permalink=\"https:\/\/alc-systems.com\/index.php\/urunler\/kompozit-levha\/\" data-orig-file=\"https:\/\/alc-systems.com\/wp-content\/uploads\/2019\/03\/kompozit-levha.png\" data-orig-size=\"345,282\" data-comments-opened=\"1\" data-image-meta=\"{&quot;aperture&quot;:&quot;0&quot;,&quot;credit&quot;:&quot;&quot;,&quot;camera&quot;:&quot;&quot;,&quot;caption&quot;:&quot;&quot;,&quot;created_timestamp&quot;:&quot;0&quot;,&quot;copyright&quot;:&quot;&quot;,&quot;focal_length&quot;:&quot;0&quot;,&quot;iso&quot;:&quot;0&quot;,&quot;shutter_speed&quot;:&quot;0&quot;,&quot;title&quot;:&quot;&quot;,&quot;orientation&quot;:&quot;0&quot;}\" data-image-title=\"Kompozit Levha\" data-image-description=\"\" data-image-caption=\"&lt;p&gt;Kompozit Levha&lt;\/p&gt;\n\" data-large-file=\"https:\/\/alc-systems.com\/wp-content\/uploads\/2019\/03\/kompozit-levha.png\" class=\"wp-image-250\" src=\"https:\/\/alc-systems.com\/wp-content\/uploads\/2019\/03\/kompozit-levha-300x245.png\" alt=\"\" width=\"149\" height=\"122\" srcset=\"https:\/\/alc-systems.com\/wp-content\/uploads\/2019\/03\/kompozit-levha-300x245.png 300w, https:\/\/alc-systems.com\/wp-content\/uploads\/2019\/03\/kompozit-levha.png 345w\" sizes=\"auto, (max-width: 149px) 100vw, 149px\" \/><\/a><figcaption class=\"caption wp-caption-text\">Kompozit Levha<\/figcaption><\/figure>\n<figure id=\"attachment_240\" class=\"thumbnail wp-caption alignleft\" style=\"width: 151px\"><a href=\"https:\/\/alc-systems.com\/index.php\/urunler\/kapi-pencere\/\"><img loading=\"lazy\" decoding=\"async\" data-attachment-id=\"240\" data-permalink=\"https:\/\/alc-systems.com\/index.php\/urunler\/kapi-pencere-2\/\" data-orig-file=\"https:\/\/alc-systems.com\/wp-content\/uploads\/2019\/03\/Kap\u0131-Pencere.png\" data-orig-size=\"350,283\" data-comments-opened=\"1\" data-image-meta=\"{&quot;aperture&quot;:&quot;0&quot;,&quot;credit&quot;:&quot;&quot;,&quot;camera&quot;:&quot;&quot;,&quot;caption&quot;:&quot;&quot;,&quot;created_timestamp&quot;:&quot;0&quot;,&quot;copyright&quot;:&quot;&quot;,&quot;focal_length&quot;:&quot;0&quot;,&quot;iso&quot;:&quot;0&quot;,&quot;shutter_speed&quot;:&quot;0&quot;,&quot;title&quot;:&quot;&quot;,&quot;orientation&quot;:&quot;0&quot;}\" data-image-title=\"Kap\u0131-Pencere\" data-image-description=\"\" data-image-caption=\"&lt;p&gt;Kap\u0131-Pencere&lt;\/p&gt;\n\" data-large-file=\"https:\/\/alc-systems.com\/wp-content\/uploads\/2019\/03\/Kap\u0131-Pencere.png\" class=\"wp-image-240\" src=\"https:\/\/alc-systems.com\/wp-content\/uploads\/2019\/03\/Kap\u0131-Pencere-300x243.png\" alt=\"\" width=\"151\" height=\"122\" srcset=\"https:\/\/alc-systems.com\/wp-content\/uploads\/2019\/03\/Kap\u0131-Pencere-300x243.png 300w, https:\/\/alc-systems.com\/wp-content\/uploads\/2019\/03\/Kap\u0131-Pencere.png 350w\" sizes=\"auto, (max-width: 151px) 100vw, 151px\" \/><\/a><figcaption class=\"caption wp-caption-text\">Kap\u0131-Pencere<\/figcaption><\/figure>\n<figure id=\"attachment_262\" class=\"thumbnail wp-caption alignleft\" style=\"width: 149px\"><a href=\"https:\/\/alc-systems.com\/index.php\/urunler\/surme-dograma\/\"><img loading=\"lazy\" decoding=\"async\" data-attachment-id=\"262\" data-permalink=\"https:\/\/alc-systems.com\/index.php\/urunler\/surme-sistemleri\/\" data-orig-file=\"https:\/\/alc-systems.com\/wp-content\/uploads\/2019\/03\/s\u00fcrme-sistemleri.png\" data-orig-size=\"348,284\" data-comments-opened=\"1\" data-image-meta=\"{&quot;aperture&quot;:&quot;0&quot;,&quot;credit&quot;:&quot;&quot;,&quot;camera&quot;:&quot;&quot;,&quot;caption&quot;:&quot;&quot;,&quot;created_timestamp&quot;:&quot;0&quot;,&quot;copyright&quot;:&quot;&quot;,&quot;focal_length&quot;:&quot;0&quot;,&quot;iso&quot;:&quot;0&quot;,&quot;shutter_speed&quot;:&quot;0&quot;,&quot;title&quot;:&quot;&quot;,&quot;orientation&quot;:&quot;0&quot;}\" data-image-title=\"S\u00fcrme Sistemler\" data-image-description=\"\" data-image-caption=\"&lt;p&gt;S\u00fcrme Do\u011frama&lt;\/p&gt;\n\" data-large-file=\"https:\/\/alc-systems.com\/wp-content\/uploads\/2019\/03\/s\u00fcrme-sistemleri.png\" class=\"wp-image-262\" src=\"https:\/\/alc-systems.com\/wp-content\/uploads\/2019\/03\/s\u00fcrme-sistemleri-300x245.png\" alt=\"\" width=\"149\" height=\"122\" srcset=\"https:\/\/alc-systems.com\/wp-content\/uploads\/2019\/03\/s\u00fcrme-sistemleri-300x245.png 300w, https:\/\/alc-systems.com\/wp-content\/uploads\/2019\/03\/s\u00fcrme-sistemleri.png 348w\" sizes=\"auto, (max-width: 149px) 100vw, 149px\" \/><\/a><figcaption class=\"caption wp-caption-text\">S\u00fcrme Do\u011frama<\/figcaption><\/figure>\n<p>&nbsp;<\/p>\n<p>&nbsp;<\/p>\n<p>&nbsp;<\/p>\n<p>&nbsp;<\/p>\n<p>&nbsp;<\/p>\n<p>&nbsp;<\/p>\n<figure id=\"attachment_247\" class=\"thumbnail wp-caption alignleft\" style=\"width: 149px\"><a href=\"https:\/\/alc-systems.com\/index.php\/urunler\/skylight\/\"><img loading=\"lazy\" decoding=\"async\" data-attachment-id=\"247\" data-permalink=\"https:\/\/alc-systems.com\/index.php\/urunler\/skylight-2\/\" data-orig-file=\"https:\/\/alc-systems.com\/wp-content\/uploads\/2019\/03\/skylight.png\" data-orig-size=\"346,284\" data-comments-opened=\"1\" data-image-meta=\"{&quot;aperture&quot;:&quot;0&quot;,&quot;credit&quot;:&quot;&quot;,&quot;camera&quot;:&quot;&quot;,&quot;caption&quot;:&quot;&quot;,&quot;created_timestamp&quot;:&quot;0&quot;,&quot;copyright&quot;:&quot;&quot;,&quot;focal_length&quot;:&quot;0&quot;,&quot;iso&quot;:&quot;0&quot;,&quot;shutter_speed&quot;:&quot;0&quot;,&quot;title&quot;:&quot;&quot;,&quot;orientation&quot;:&quot;0&quot;}\" data-image-title=\"Skylight\" data-image-description=\"\" data-image-caption=\"&lt;p&gt;Skylight&lt;\/p&gt;\n\" data-large-file=\"https:\/\/alc-systems.com\/wp-content\/uploads\/2019\/03\/skylight.png\" class=\"wp-image-247\" src=\"https:\/\/alc-systems.com\/wp-content\/uploads\/2019\/03\/skylight-300x246.png\" alt=\"\" width=\"149\" height=\"122\" srcset=\"https:\/\/alc-systems.com\/wp-content\/uploads\/2019\/03\/skylight-300x246.png 300w, https:\/\/alc-systems.com\/wp-content\/uploads\/2019\/03\/skylight.png 346w\" sizes=\"auto, (max-width: 149px) 100vw, 149px\" \/><\/a><figcaption class=\"caption wp-caption-text\">Skylight<\/figcaption><\/figure>\n<figure id=\"attachment_256\" class=\"thumbnail wp-caption alignleft\" style=\"width: 150px\"><a href=\"https:\/\/alc-systems.com\/index.php\/urunler\/ofis-bolme\/\"><img loading=\"lazy\" decoding=\"async\" data-attachment-id=\"256\" data-permalink=\"https:\/\/alc-systems.com\/index.php\/urunler\/ofis-bolme-2\/\" data-orig-file=\"https:\/\/alc-systems.com\/wp-content\/uploads\/2019\/03\/ofis-b\u00f6lme.png\" data-orig-size=\"348,283\" data-comments-opened=\"1\" data-image-meta=\"{&quot;aperture&quot;:&quot;0&quot;,&quot;credit&quot;:&quot;&quot;,&quot;camera&quot;:&quot;&quot;,&quot;caption&quot;:&quot;&quot;,&quot;created_timestamp&quot;:&quot;0&quot;,&quot;copyright&quot;:&quot;&quot;,&quot;focal_length&quot;:&quot;0&quot;,&quot;iso&quot;:&quot;0&quot;,&quot;shutter_speed&quot;:&quot;0&quot;,&quot;title&quot;:&quot;&quot;,&quot;orientation&quot;:&quot;0&quot;}\" data-image-title=\"Ofis B\u00f6lme\" data-image-description=\"\" data-image-caption=\"&lt;p&gt;Ofis B\u00f6lme&lt;\/p&gt;\n\" data-large-file=\"https:\/\/alc-systems.com\/wp-content\/uploads\/2019\/03\/ofis-b\u00f6lme.png\" class=\"wp-image-256\" src=\"https:\/\/alc-systems.com\/wp-content\/uploads\/2019\/03\/ofis-b\u00f6lme-300x244.png\" alt=\"\" width=\"150\" height=\"122\" srcset=\"https:\/\/alc-systems.com\/wp-content\/uploads\/2019\/03\/ofis-b\u00f6lme-300x244.png 300w, https:\/\/alc-systems.com\/wp-content\/uploads\/2019\/03\/ofis-b\u00f6lme.png 348w\" sizes=\"auto, (max-width: 150px) 100vw, 150px\" \/><\/a><figcaption class=\"caption wp-caption-text\">Ofis B\u00f6lme<\/figcaption><\/figure>\n<figure id=\"attachment_253\" class=\"thumbnail wp-caption alignleft\" style=\"width: 150px\"><a href=\"https:\/\/alc-systems.com\/index.php\/urunler\/otomatik-kapilar\/\"><img loading=\"lazy\" decoding=\"async\" data-attachment-id=\"253\" data-permalink=\"https:\/\/alc-systems.com\/index.php\/urunler\/fotoselli-kapi\/\" data-orig-file=\"https:\/\/alc-systems.com\/wp-content\/uploads\/2019\/03\/fotoselli-kap\u0131.png\" data-orig-size=\"345,281\" data-comments-opened=\"1\" data-image-meta=\"{&quot;aperture&quot;:&quot;0&quot;,&quot;credit&quot;:&quot;&quot;,&quot;camera&quot;:&quot;&quot;,&quot;caption&quot;:&quot;&quot;,&quot;created_timestamp&quot;:&quot;0&quot;,&quot;copyright&quot;:&quot;&quot;,&quot;focal_length&quot;:&quot;0&quot;,&quot;iso&quot;:&quot;0&quot;,&quot;shutter_speed&quot;:&quot;0&quot;,&quot;title&quot;:&quot;&quot;,&quot;orientation&quot;:&quot;0&quot;}\" data-image-title=\"Otomatik Kap\u0131\" data-image-description=\"\" data-image-caption=\"&lt;p&gt;Otomatik Kap\u0131&lt;\/p&gt;\n\" data-large-file=\"https:\/\/alc-systems.com\/wp-content\/uploads\/2019\/03\/fotoselli-kap\u0131.png\" class=\"wp-image-253\" src=\"https:\/\/alc-systems.com\/wp-content\/uploads\/2019\/03\/fotoselli-kap\u0131-300x244.png\" alt=\"\" width=\"150\" height=\"122\" srcset=\"https:\/\/alc-systems.com\/wp-content\/uploads\/2019\/03\/fotoselli-kap\u0131-300x244.png 300w, https:\/\/alc-systems.com\/wp-content\/uploads\/2019\/03\/fotoselli-kap\u0131.png 345w\" sizes=\"auto, (max-width: 150px) 100vw, 150px\" \/><\/a><figcaption class=\"caption wp-caption-text\">Otomatik Kap\u0131<\/figcaption><\/figure>\n<figure id=\"attachment_259\" class=\"thumbnail wp-caption alignleft\" style=\"width: 149px\"><a href=\"https:\/\/alc-systems.com\/index.php\/urunler\/korkuluk-kupeste\/\"><img loading=\"lazy\" decoding=\"async\" data-attachment-id=\"259\" data-permalink=\"https:\/\/alc-systems.com\/index.php\/urunler\/korkuluk\/\" data-orig-file=\"https:\/\/alc-systems.com\/wp-content\/uploads\/2019\/03\/korkuluk.png\" data-orig-size=\"347,285\" data-comments-opened=\"1\" data-image-meta=\"{&quot;aperture&quot;:&quot;0&quot;,&quot;credit&quot;:&quot;&quot;,&quot;camera&quot;:&quot;&quot;,&quot;caption&quot;:&quot;&quot;,&quot;created_timestamp&quot;:&quot;0&quot;,&quot;copyright&quot;:&quot;&quot;,&quot;focal_length&quot;:&quot;0&quot;,&quot;iso&quot;:&quot;0&quot;,&quot;shutter_speed&quot;:&quot;0&quot;,&quot;title&quot;:&quot;&quot;,&quot;orientation&quot;:&quot;0&quot;}\" data-image-title=\"K\u00fcpe\u015fte-Korkuluk\" data-image-description=\"\" data-image-caption=\"&lt;p&gt;K\u00fcpe\u015fte-Korkuluk&lt;\/p&gt;\n\" data-large-file=\"https:\/\/alc-systems.com\/wp-content\/uploads\/2019\/03\/korkuluk.png\" class=\"wp-image-259\" src=\"https:\/\/alc-systems.com\/wp-content\/uploads\/2019\/03\/korkuluk-300x246.png\" alt=\"\" width=\"149\" height=\"122\" srcset=\"https:\/\/alc-systems.com\/wp-content\/uploads\/2019\/03\/korkuluk-300x246.png 300w, https:\/\/alc-systems.com\/wp-content\/uploads\/2019\/03\/korkuluk.png 347w\" sizes=\"auto, (max-width: 149px) 100vw, 149px\" \/><\/a><figcaption class=\"caption wp-caption-text\">Korkuluk-K\u00fcpe\u015fte<\/figcaption><\/figure>\n<figure id=\"attachment_266\" class=\"thumbnail wp-caption alignleft\" style=\"width: 149px\"><a href=\"https:\/\/alc-systems.com\/index.php\/urunler\/gunes-kiricilar\/\"><img loading=\"lazy\" decoding=\"async\" data-attachment-id=\"266\" data-permalink=\"https:\/\/alc-systems.com\/index.php\/urunler\/gunes-kiricilar-2\/\" data-orig-file=\"https:\/\/alc-systems.com\/wp-content\/uploads\/2019\/03\/g\u00fcne\u015f-k\u0131r\u0131c\u0131lar.png\" data-orig-size=\"345,282\" data-comments-opened=\"1\" data-image-meta=\"{&quot;aperture&quot;:&quot;0&quot;,&quot;credit&quot;:&quot;&quot;,&quot;camera&quot;:&quot;&quot;,&quot;caption&quot;:&quot;&quot;,&quot;created_timestamp&quot;:&quot;0&quot;,&quot;copyright&quot;:&quot;&quot;,&quot;focal_length&quot;:&quot;0&quot;,&quot;iso&quot;:&quot;0&quot;,&quot;shutter_speed&quot;:&quot;0&quot;,&quot;title&quot;:&quot;&quot;,&quot;orientation&quot;:&quot;0&quot;}\" data-image-title=\"G\u00fcne\u015f K\u0131r\u0131c\u0131lar\" data-image-description=\"\" data-image-caption=\"&lt;p&gt;G\u00fcne\u015f K\u0131r\u0131c\u0131lar&lt;\/p&gt;\n\" data-large-file=\"https:\/\/alc-systems.com\/wp-content\/uploads\/2019\/03\/g\u00fcne\u015f-k\u0131r\u0131c\u0131lar.png\" class=\"wp-image-266\" src=\"https:\/\/alc-systems.com\/wp-content\/uploads\/2019\/03\/g\u00fcne\u015f-k\u0131r\u0131c\u0131lar-300x245.png\" alt=\"\" width=\"149\" height=\"122\" srcset=\"https:\/\/alc-systems.com\/wp-content\/uploads\/2019\/03\/g\u00fcne\u015f-k\u0131r\u0131c\u0131lar-300x245.png 300w, https:\/\/alc-systems.com\/wp-content\/uploads\/2019\/03\/g\u00fcne\u015f-k\u0131r\u0131c\u0131lar.png 345w\" sizes=\"auto, (max-width: 149px) 100vw, 149px\" \/><\/a><figcaption class=\"caption wp-caption-text\">G\u00fcne\u015f K\u0131r\u0131c\u0131lar<\/figcaption><\/figure>\n<p>&nbsp;<\/p>\n<p>&nbsp;<\/p>\n<p>&nbsp;<\/p>\n<div id=\"s3gt_translate_tooltip_mini\" class=\"s3gt_translate_tooltip_mini_box\" style=\"background: initial !important; border: initial !important; border-radius: initial !important; border-spacing: initial !important; border-collapse: initial !important; direction: ltr !important; flex-direction: initial !important; font-weight: initial !important; height: initial !important; letter-spacing: initial !important; min-width: initial !important; max-width: initial !important; min-height: initial !important; max-height: initial !important; margin: auto !important; outline: initial !important; padding: initial !important; position: absolute; table-layout: initial !important; text-align: initial !important; text-shadow: initial !important; width: initial !important; word-break: initial !important; word-spacing: initial !important; overflow-wrap: initial !important; box-sizing: initial !important; display: initial !important; color: inherit !important; font-size: 13px !important; font-family: X-LocaleSpecific, sans-serif, Tahoma, Helvetica !important; line-height: 13px !important; vertical-align: top !important; white-space: inherit !important; left: 115px; top: 63px; opacity: 0.85;\">\n<div id=\"s3gt_translate_tooltip_mini_copy\" class=\"s3gt_translate_tooltip_mini\" title=\"Copy text to Clipboard\"><\/div>\n<\/div>\n","protected":false},"excerpt":{"rendered":"<p>&nbsp; &nbsp; &nbsp; &nbsp; &nbsp; &nbsp; &nbsp; &nbsp; &nbsp;<\/p>\n","protected":false},"author":4,"featured_media":0,"parent":0,"menu_order":0,"comment_status":"closed","ping_status":"closed","template":"","meta":{"kt_blocks_editor_width":"","footnotes":""},"class_list":["post-74","page","type-page","status-publish","hentry"],"jetpack_shortlink":"https:\/\/wp.me\/PaMJF5-1c","jetpack_sharing_enabled":true,"amp_enabled":true,"_links":{"self":[{"href":"https:\/\/alc-systems.com\/index.php\/wp-json\/wp\/v2\/pages\/74","targetHints":{"allow":["GET"]}}],"collection":[{"href":"https:\/\/alc-systems.com\/index.php\/wp-json\/wp\/v2\/pages"}],"about":[{"href":"https:\/\/alc-systems.com\/index.php\/wp-json\/wp\/v2\/types\/page"}],"author":[{"embeddable":true,"href":"https:\/\/alc-systems.com\/index.php\/wp-json\/wp\/v2\/users\/4"}],"replies":[{"embeddable":true,"href":"https:\/\/alc-systems.com\/index.php\/wp-json\/wp\/v2\/comments?post=74"}],"version-history":[{"count":21,"href":"https:\/\/alc-systems.com\/index.php\/wp-json\/wp\/v2\/pages\/74\/revisions"}],"predecessor-version":[{"id":313,"href":"https:\/\/alc-systems.com\/index.php\/wp-json\/wp\/v2\/pages\/74\/revisions\/313"}],"wp:attachment":[{"href":"https:\/\/alc-systems.com\/index.php\/wp-json\/wp\/v2\/media?parent=74"}],"curies":[{"name":"wp","href":"https:\/\/api.w.org\/{rel}","templated":true}]}}