{"id":72,"date":"2019-03-08T06:07:37","date_gmt":"2019-03-08T06:07:37","guid":{"rendered":"https:\/\/alc-systems.com\/?page_id=72"},"modified":"2019-09-04T01:13:53","modified_gmt":"2019-09-03T22:13:53","slug":"hakkimizda","status":"publish","type":"page","link":"https:\/\/alc-systems.com\/index.php\/hakkimizda\/","title":{"rendered":"Hakk\u0131m\u0131zda"},"content":{"rendered":"<div class=\"row\"> <div class=\"col-md-4\">\n<img loading=\"lazy\" decoding=\"async\" data-attachment-id=\"495\" data-permalink=\"https:\/\/alc-systems.com\/index.php\/hakkimizda\/hakkimizda2\/\" data-orig-file=\"https:\/\/alc-systems.com\/wp-content\/uploads\/2019\/04\/hakk\u0131m\u0131zda2.jpg\" data-orig-size=\"277,182\" data-comments-opened=\"1\" data-image-meta=\"{&quot;aperture&quot;:&quot;0&quot;,&quot;credit&quot;:&quot;&quot;,&quot;camera&quot;:&quot;&quot;,&quot;caption&quot;:&quot;&quot;,&quot;created_timestamp&quot;:&quot;0&quot;,&quot;copyright&quot;:&quot;&quot;,&quot;focal_length&quot;:&quot;0&quot;,&quot;iso&quot;:&quot;0&quot;,&quot;shutter_speed&quot;:&quot;0&quot;,&quot;title&quot;:&quot;&quot;,&quot;orientation&quot;:&quot;0&quot;}\" data-image-title=\"hakk\u0131m\u0131zda2\" data-image-description=\"\" data-image-caption=\"\" data-large-file=\"https:\/\/alc-systems.com\/wp-content\/uploads\/2019\/04\/hakk\u0131m\u0131zda2.jpg\" class=\"alignleft wp-image-495\" src=\"https:\/\/alc-systems.com\/wp-content\/uploads\/2019\/04\/hakk\u0131m\u0131zda2.jpg\" alt=\"\" width=\"339\" height=\"223\" \/><\/p>\n<p style=\"text-align: left;\"><span style=\"font-family: arial, helvetica, sans-serif;\"><\/div><div class=\"col-md-8\"><\/span><\/p>\n<p><strong>Alc-System; Al\u00fcminyum giydirme cephe ve do\u011frama sekt\u00f6r\u00fcnde imalat ve montaj yapan bir kurulu\u015ftur.<\/strong><\/p>\n<p><strong>Alc-Systems&#8217;in amac\u0131 sekt\u00f6r\u00fcnde kalite, \u00f6zg\u00fcnl\u00fck, <\/strong><strong>estetik <\/strong><strong>ve ekonomik \u00e7\u00f6z\u00fcmler \u00fcreterek lider olmakt\u0131r. <\/strong><\/p>\n<p><strong>Algeria-Oran da faaliyet g\u00f6steren <\/strong><strong>firmam\u0131z \u015fu konularda \u00fcretim ve montaj hizmeti vermektedir.; <\/strong><\/p>\n<p><strong>\u00a0\u00a0\u00a0 -Cephe Giydirme, Otomatik Kap\u0131lar, Skylight, Ofis B\u00f6lmeleri, <\/strong><strong>\u00a0\u00a0 <\/strong><strong><br \/>\n<\/strong><\/p>\n<p><strong>\u00a0\u00a0\u00a0 -Transparan Cephe, <\/strong><strong>Korkuluk ve K\u00fcpe\u015fteler,<\/strong> <strong>S\u00fcrme Do\u011framalar,<\/strong><\/p>\n<p><strong>\u00a0\u00a0\u00a0 -Yal\u0131t\u0131ml\u0131-Yal\u0131t\u0131ms\u0131z Do\u011framalar, <\/strong><strong>K\u0131\u015f Bah\u00e7eleri<\/strong>, <strong>Sa\u00e7ak ve Tonozlar<\/strong><\/p>\n<p><strong>\u00a0\u00a0\u00a0 -Al\u00fcminyum Profil, Kompozit Levha<\/strong> <strong>ve Levha \u00e7e\u015fitleri, \u00c7elik i\u015fleri,<\/strong><\/p>\n<p><strong>Yap\u0131lan bu i\u015flerde mimar, m\u00fcteahhit ve bina sahiplerine m\u00fckemmel \u00fcr\u00fcnler sunulmaktad\u0131r.<\/strong><\/p>\n<p><strong> Firmam\u0131z , gerek tasar\u0131m, gerekse imalat a\u015famalar\u0131nda, uluslararas\u0131 kalite standartlar\u0131na uymaktad\u0131r. <\/strong><\/p>\n<p><strong>Alc-Systems\u00a0 bir d\u00fcnya firmas\u0131 olmay\u0131 hedefleyerek, pazarlama ve \u00fcretim kalitesini, buna uygun yap\u0131land\u0131r\u0131p, d\u00fcnya pazarlar\u0131na a\u00e7\u0131lm\u0131\u015ft\u0131r.<\/strong><\/p>\n<p><span style=\"font-family: arial, helvetica, sans-serif;\"><\/div><\/div><\/span><\/p>\n","protected":false},"excerpt":{"rendered":"","protected":false},"author":4,"featured_media":0,"parent":0,"menu_order":0,"comment_status":"closed","ping_status":"closed","template":"","meta":{"kt_blocks_editor_width":"","footnotes":""},"class_list":["post-72","page","type-page","status-publish","hentry"],"jetpack_shortlink":"https:\/\/wp.me\/PaMJF5-1a","jetpack_sharing_enabled":true,"amp_enabled":true,"_links":{"self":[{"href":"https:\/\/alc-systems.com\/index.php\/wp-json\/wp\/v2\/pages\/72","targetHints":{"allow":["GET"]}}],"collection":[{"href":"https:\/\/alc-systems.com\/index.php\/wp-json\/wp\/v2\/pages"}],"about":[{"href":"https:\/\/alc-systems.com\/index.php\/wp-json\/wp\/v2\/types\/page"}],"author":[{"embeddable":true,"href":"https:\/\/alc-systems.com\/index.php\/wp-json\/wp\/v2\/users\/4"}],"replies":[{"embeddable":true,"href":"https:\/\/alc-systems.com\/index.php\/wp-json\/wp\/v2\/comments?post=72"}],"version-history":[{"count":55,"href":"https:\/\/alc-systems.com\/index.php\/wp-json\/wp\/v2\/pages\/72\/revisions"}],"predecessor-version":[{"id":633,"href":"https:\/\/alc-systems.com\/index.php\/wp-json\/wp\/v2\/pages\/72\/revisions\/633"}],"wp:attachment":[{"href":"https:\/\/alc-systems.com\/index.php\/wp-json\/wp\/v2\/media?parent=72"}],"curies":[{"name":"wp","href":"https:\/\/api.w.org\/{rel}","templated":true}]}}