{"id":111,"date":"2019-03-08T06:23:45","date_gmt":"2019-03-08T06:23:45","guid":{"rendered":"https:\/\/alc-systems.com\/?page_id=111"},"modified":"2019-03-09T13:27:19","modified_gmt":"2019-03-09T10:27:19","slug":"gunes-kiricilar","status":"publish","type":"page","link":"https:\/\/alc-systems.com\/index.php\/urunler\/gunes-kiricilar\/","title":{"rendered":"G\u00fcne\u015f K\u0131r\u0131c\u0131lar"},"content":{"rendered":"<div class=\"row\"> <div class=\"col-md-4\">\n<p><img loading=\"lazy\" decoding=\"async\" data-attachment-id=\"266\" data-permalink=\"https:\/\/alc-systems.com\/index.php\/urunler\/gunes-kiricilar-2\/\" data-orig-file=\"https:\/\/alc-systems.com\/wp-content\/uploads\/2019\/03\/g\u00fcne\u015f-k\u0131r\u0131c\u0131lar.png\" data-orig-size=\"345,282\" data-comments-opened=\"1\" data-image-meta=\"{&quot;aperture&quot;:&quot;0&quot;,&quot;credit&quot;:&quot;&quot;,&quot;camera&quot;:&quot;&quot;,&quot;caption&quot;:&quot;&quot;,&quot;created_timestamp&quot;:&quot;0&quot;,&quot;copyright&quot;:&quot;&quot;,&quot;focal_length&quot;:&quot;0&quot;,&quot;iso&quot;:&quot;0&quot;,&quot;shutter_speed&quot;:&quot;0&quot;,&quot;title&quot;:&quot;&quot;,&quot;orientation&quot;:&quot;0&quot;}\" data-image-title=\"G\u00fcne\u015f K\u0131r\u0131c\u0131lar\" data-image-description=\"\" data-image-caption=\"&lt;p&gt;G\u00fcne\u015f K\u0131r\u0131c\u0131lar&lt;\/p&gt;\n\" data-large-file=\"https:\/\/alc-systems.com\/wp-content\/uploads\/2019\/03\/g\u00fcne\u015f-k\u0131r\u0131c\u0131lar.png\" class=\"alignnone size-medium wp-image-266\" src=\"https:\/\/alc-systems.com\/wp-content\/uploads\/2019\/03\/g\u00fcne\u015f-k\u0131r\u0131c\u0131lar-300x245.png\" alt=\"\" width=\"300\" height=\"245\" srcset=\"https:\/\/alc-systems.com\/wp-content\/uploads\/2019\/03\/g\u00fcne\u015f-k\u0131r\u0131c\u0131lar-300x245.png 300w, https:\/\/alc-systems.com\/wp-content\/uploads\/2019\/03\/g\u00fcne\u015f-k\u0131r\u0131c\u0131lar.png 345w\" sizes=\"auto, (max-width: 300px) 100vw, 300px\" \/><\/p>\n<\/div><div class=\"col-md-8\">\n<p>Binalara direkt gelen g\u00fcne\u015f \u0131\u015f\u0131nlar\u0131n\u0131 kontroll\u00fc bir \u015fekilde i\u00e7 mekana alarak, \u00e7al\u0131\u015fma ve ya\u015fama konforu sunan al\u00fcminyum g\u00fcne\u015f k\u0131r\u0131c\u0131lar, ayn\u0131 zamanda binaya y\u00fck getirmeden, esteti\u011fini art\u0131rmakta, de\u011fi\u015fik kombinasyonlarla d\u0131\u015f g\u00f6r\u00fcn\u00fcme farkl\u0131 bir g\u00fczellik getirmektedir.<br \/>\nAl\u00fcminyum g\u00fcne\u015f k\u0131r\u0131c\u0131lar iki grupta \u00fcretilmektedir.<\/p>\n<p><strong> ASB 07 M\u00a0 MANUEL G\u00dcNE\u015e KIRICI S\u0130STEM\u0130<\/strong><\/p>\n<p>ASB 07 M serisi T\u00fcrkiye\u2019de g\u00fcne\u015f k\u0131r\u0131c\u0131 alan\u0131na yeni bir soluk getirmektedir. Kapakl\u0131 Cephe, Skylight ve Al\u00fcminyum do\u011frama \u00fczerine istenilen a\u00e7\u0131yla montaj\u0131 yap\u0131labilen, ekonomik ve estetik de\u011feri olan bir seridir. Karma\u015f\u0131k detaylardan uzak, montaj kolayl\u0131\u011f\u0131na ve ekonomikli\u011fine sahiptir.<\/p>\n<p><strong>ASB 07 H HAREKETL\u0130 G\u00dcNE\u015e KIRICI S\u0130STEM\u0130<\/strong><\/p>\n<p>ASB 07 H\u00a0 serisi hareketli g\u00fcne\u015f k\u0131r\u0131c\u0131 \u00f6zel olarak dizayn edilip t\u00fcm aksesuar ve motorlar\u0131yla sat\u0131\u015fa sunulmu\u015ftur. Binalar\u0131n cephesinde ger\u00e7ek anlamda g\u00fcne\u015fi k\u0131rma \u00f6zelli\u011fine sahip , otomasyona musait, uzaktan kumandas\u0131yla\u00a0 kontrol edilebilen, 300 mm\u2019lik g\u00fcne\u015f k\u0131r\u0131c\u0131 paneliyle, sa\u011flam konstruksiyonuyla, sessiz \u00e7al\u0131\u015fan e\u015fsiz bir sistemdir.<\/p>\n<\/div><\/div>\n","protected":false},"excerpt":{"rendered":"","protected":false},"author":4,"featured_media":0,"parent":74,"menu_order":0,"comment_status":"closed","ping_status":"closed","template":"","meta":{"kt_blocks_editor_width":"","footnotes":""},"class_list":["post-111","page","type-page","status-publish","hentry"],"jetpack_shortlink":"https:\/\/wp.me\/PaMJF5-1N","jetpack_sharing_enabled":true,"amp_enabled":true,"_links":{"self":[{"href":"https:\/\/alc-systems.com\/index.php\/wp-json\/wp\/v2\/pages\/111","targetHints":{"allow":["GET"]}}],"collection":[{"href":"https:\/\/alc-systems.com\/index.php\/wp-json\/wp\/v2\/pages"}],"about":[{"href":"https:\/\/alc-systems.com\/index.php\/wp-json\/wp\/v2\/types\/page"}],"author":[{"embeddable":true,"href":"https:\/\/alc-systems.com\/index.php\/wp-json\/wp\/v2\/users\/4"}],"replies":[{"embeddable":true,"href":"https:\/\/alc-systems.com\/index.php\/wp-json\/wp\/v2\/comments?post=111"}],"version-history":[{"count":4,"href":"https:\/\/alc-systems.com\/index.php\/wp-json\/wp\/v2\/pages\/111\/revisions"}],"predecessor-version":[{"id":265,"href":"https:\/\/alc-systems.com\/index.php\/wp-json\/wp\/v2\/pages\/111\/revisions\/265"}],"up":[{"embeddable":true,"href":"https:\/\/alc-systems.com\/index.php\/wp-json\/wp\/v2\/pages\/74"}],"wp:attachment":[{"href":"https:\/\/alc-systems.com\/index.php\/wp-json\/wp\/v2\/media?parent=111"}],"curies":[{"name":"wp","href":"https:\/\/api.w.org\/{rel}","templated":true}]}}