{"id":109,"date":"2019-03-08T06:23:19","date_gmt":"2019-03-08T06:23:19","guid":{"rendered":"https:\/\/alc-systems.com\/?page_id=109"},"modified":"2019-03-09T12:40:00","modified_gmt":"2019-03-09T09:40:00","slug":"otomatik-kapilar","status":"publish","type":"page","link":"https:\/\/alc-systems.com\/index.php\/urunler\/otomatik-kapilar\/","title":{"rendered":"Otomatik Kap\u0131lar"},"content":{"rendered":"<div class=\"row\"> <div class=\"col-md-4\">\n<p><img loading=\"lazy\" decoding=\"async\" data-attachment-id=\"253\" data-permalink=\"https:\/\/alc-systems.com\/index.php\/urunler\/fotoselli-kapi\/\" data-orig-file=\"https:\/\/alc-systems.com\/wp-content\/uploads\/2019\/03\/fotoselli-kap\u0131.png\" data-orig-size=\"345,281\" data-comments-opened=\"1\" data-image-meta=\"{&quot;aperture&quot;:&quot;0&quot;,&quot;credit&quot;:&quot;&quot;,&quot;camera&quot;:&quot;&quot;,&quot;caption&quot;:&quot;&quot;,&quot;created_timestamp&quot;:&quot;0&quot;,&quot;copyright&quot;:&quot;&quot;,&quot;focal_length&quot;:&quot;0&quot;,&quot;iso&quot;:&quot;0&quot;,&quot;shutter_speed&quot;:&quot;0&quot;,&quot;title&quot;:&quot;&quot;,&quot;orientation&quot;:&quot;0&quot;}\" data-image-title=\"Otomatik Kap\u0131\" data-image-description=\"\" data-image-caption=\"&lt;p&gt;Otomatik Kap\u0131&lt;\/p&gt;\n\" data-large-file=\"https:\/\/alc-systems.com\/wp-content\/uploads\/2019\/03\/fotoselli-kap\u0131.png\" class=\"alignnone size-medium wp-image-253\" src=\"https:\/\/alc-systems.com\/wp-content\/uploads\/2019\/03\/fotoselli-kap\u0131-300x244.png\" alt=\"\" width=\"300\" height=\"244\" srcset=\"https:\/\/alc-systems.com\/wp-content\/uploads\/2019\/03\/fotoselli-kap\u0131-300x244.png 300w, https:\/\/alc-systems.com\/wp-content\/uploads\/2019\/03\/fotoselli-kap\u0131.png 345w\" sizes=\"auto, (max-width: 300px) 100vw, 300px\" \/><\/p>\n<\/div><div class=\"col-md-8\">\n<p>\u00c7e\u015fitli a\u00e7\u0131kl\u0131klarda ve y\u00fcksekliklerde \u00fcretim ve montaj\u0131 yap\u0131labilen, tek yana,iki yana , dairesel veya d\u00fcz a\u00e7\u0131labilen, projeye g\u00f6re \u015fekillenen, fotoseller vas\u0131tas\u0131 ile kumanda edilen kap\u0131 sistemleridir.<\/p>\n<\/div><\/div>\n","protected":false},"excerpt":{"rendered":"","protected":false},"author":4,"featured_media":0,"parent":74,"menu_order":0,"comment_status":"closed","ping_status":"closed","template":"","meta":{"kt_blocks_editor_width":"","footnotes":""},"class_list":["post-109","page","type-page","status-publish","hentry"],"jetpack_shortlink":"https:\/\/wp.me\/PaMJF5-1L","jetpack_sharing_enabled":true,"amp_enabled":true,"_links":{"self":[{"href":"https:\/\/alc-systems.com\/index.php\/wp-json\/wp\/v2\/pages\/109","targetHints":{"allow":["GET"]}}],"collection":[{"href":"https:\/\/alc-systems.com\/index.php\/wp-json\/wp\/v2\/pages"}],"about":[{"href":"https:\/\/alc-systems.com\/index.php\/wp-json\/wp\/v2\/types\/page"}],"author":[{"embeddable":true,"href":"https:\/\/alc-systems.com\/index.php\/wp-json\/wp\/v2\/users\/4"}],"replies":[{"embeddable":true,"href":"https:\/\/alc-systems.com\/index.php\/wp-json\/wp\/v2\/comments?post=109"}],"version-history":[{"count":3,"href":"https:\/\/alc-systems.com\/index.php\/wp-json\/wp\/v2\/pages\/109\/revisions"}],"predecessor-version":[{"id":254,"href":"https:\/\/alc-systems.com\/index.php\/wp-json\/wp\/v2\/pages\/109\/revisions\/254"}],"up":[{"embeddable":true,"href":"https:\/\/alc-systems.com\/index.php\/wp-json\/wp\/v2\/pages\/74"}],"wp:attachment":[{"href":"https:\/\/alc-systems.com\/index.php\/wp-json\/wp\/v2\/media?parent=109"}],"curies":[{"name":"wp","href":"https:\/\/api.w.org\/{rel}","templated":true}]}}