{"id":107,"date":"2019-03-08T06:22:35","date_gmt":"2019-03-08T06:22:35","guid":{"rendered":"https:\/\/alc-systems.com\/?page_id=107"},"modified":"2019-03-09T12:44:44","modified_gmt":"2019-03-09T09:44:44","slug":"korkuluk-kupeste","status":"publish","type":"page","link":"https:\/\/alc-systems.com\/index.php\/urunler\/korkuluk-kupeste\/","title":{"rendered":"Korkuluk-K\u00fcpe\u015fte"},"content":{"rendered":"<div class=\"row\"> <div class=\"col-md-4\">\n<p><img loading=\"lazy\" decoding=\"async\" data-attachment-id=\"259\" data-permalink=\"https:\/\/alc-systems.com\/index.php\/urunler\/korkuluk\/\" data-orig-file=\"https:\/\/alc-systems.com\/wp-content\/uploads\/2019\/03\/korkuluk.png\" data-orig-size=\"347,285\" data-comments-opened=\"1\" data-image-meta=\"{&quot;aperture&quot;:&quot;0&quot;,&quot;credit&quot;:&quot;&quot;,&quot;camera&quot;:&quot;&quot;,&quot;caption&quot;:&quot;&quot;,&quot;created_timestamp&quot;:&quot;0&quot;,&quot;copyright&quot;:&quot;&quot;,&quot;focal_length&quot;:&quot;0&quot;,&quot;iso&quot;:&quot;0&quot;,&quot;shutter_speed&quot;:&quot;0&quot;,&quot;title&quot;:&quot;&quot;,&quot;orientation&quot;:&quot;0&quot;}\" data-image-title=\"K\u00fcpe\u015fte-Korkuluk\" data-image-description=\"\" data-image-caption=\"&lt;p&gt;K\u00fcpe\u015fte-Korkuluk&lt;\/p&gt;\n\" data-large-file=\"https:\/\/alc-systems.com\/wp-content\/uploads\/2019\/03\/korkuluk.png\" class=\"alignnone size-medium wp-image-259\" src=\"https:\/\/alc-systems.com\/wp-content\/uploads\/2019\/03\/korkuluk-300x246.png\" alt=\"\" width=\"300\" height=\"246\" srcset=\"https:\/\/alc-systems.com\/wp-content\/uploads\/2019\/03\/korkuluk-300x246.png 300w, https:\/\/alc-systems.com\/wp-content\/uploads\/2019\/03\/korkuluk.png 347w\" sizes=\"auto, (max-width: 300px) 100vw, 300px\" \/><\/p>\n<\/div><div class=\"col-md-8\">\n<p>ALC-SYSTEMS\u00a0 ALCAS S\u0130STEMLER\u0130&#8217;nin k\u00fcpe\u015fte sistemleriyle binalar\u0131n estetik ve g\u00fcvenilir korkuluklarla donat\u0131lmas\u0131n\u0131 hedefler. T\u00fcm merdiven tiplerine uygun, teras, balkon, bah\u00e7e, havuz gibi mekanlarda g\u00fcvenle kullan\u0131lacak, t\u00fcm aksesuar ve detaylar\u0131n\u0131n \u00f6zenle \u00fcretildi\u011fi k\u00fcpe\u015fte serilerimiz mekanlar\u0131n\u0131za de\u011fer katacakt\u0131r.<\/p>\n<\/div><\/div>\n","protected":false},"excerpt":{"rendered":"","protected":false},"author":4,"featured_media":0,"parent":74,"menu_order":0,"comment_status":"closed","ping_status":"closed","template":"","meta":{"kt_blocks_editor_width":"","footnotes":""},"class_list":["post-107","page","type-page","status-publish","hentry"],"jetpack_shortlink":"https:\/\/wp.me\/PaMJF5-1J","jetpack_sharing_enabled":true,"amp_enabled":true,"_links":{"self":[{"href":"https:\/\/alc-systems.com\/index.php\/wp-json\/wp\/v2\/pages\/107","targetHints":{"allow":["GET"]}}],"collection":[{"href":"https:\/\/alc-systems.com\/index.php\/wp-json\/wp\/v2\/pages"}],"about":[{"href":"https:\/\/alc-systems.com\/index.php\/wp-json\/wp\/v2\/types\/page"}],"author":[{"embeddable":true,"href":"https:\/\/alc-systems.com\/index.php\/wp-json\/wp\/v2\/users\/4"}],"replies":[{"embeddable":true,"href":"https:\/\/alc-systems.com\/index.php\/wp-json\/wp\/v2\/comments?post=107"}],"version-history":[{"count":3,"href":"https:\/\/alc-systems.com\/index.php\/wp-json\/wp\/v2\/pages\/107\/revisions"}],"predecessor-version":[{"id":260,"href":"https:\/\/alc-systems.com\/index.php\/wp-json\/wp\/v2\/pages\/107\/revisions\/260"}],"up":[{"embeddable":true,"href":"https:\/\/alc-systems.com\/index.php\/wp-json\/wp\/v2\/pages\/74"}],"wp:attachment":[{"href":"https:\/\/alc-systems.com\/index.php\/wp-json\/wp\/v2\/media?parent=107"}],"curies":[{"name":"wp","href":"https:\/\/api.w.org\/{rel}","templated":true}]}}