{"id":105,"date":"2019-03-08T06:21:56","date_gmt":"2019-03-08T06:21:56","guid":{"rendered":"https:\/\/alc-systems.com\/?page_id=105"},"modified":"2019-03-09T13:06:30","modified_gmt":"2019-03-09T10:06:30","slug":"surme-dograma","status":"publish","type":"page","link":"https:\/\/alc-systems.com\/index.php\/urunler\/surme-dograma\/","title":{"rendered":"S\u00fcrme Do\u011frama"},"content":{"rendered":"<div class=\"row\"> <div class=\"col-md-4\">\n<p><img loading=\"lazy\" decoding=\"async\" data-attachment-id=\"262\" data-permalink=\"https:\/\/alc-systems.com\/index.php\/urunler\/surme-sistemleri\/\" data-orig-file=\"https:\/\/alc-systems.com\/wp-content\/uploads\/2019\/03\/s\u00fcrme-sistemleri.png\" data-orig-size=\"348,284\" data-comments-opened=\"1\" data-image-meta=\"{&quot;aperture&quot;:&quot;0&quot;,&quot;credit&quot;:&quot;&quot;,&quot;camera&quot;:&quot;&quot;,&quot;caption&quot;:&quot;&quot;,&quot;created_timestamp&quot;:&quot;0&quot;,&quot;copyright&quot;:&quot;&quot;,&quot;focal_length&quot;:&quot;0&quot;,&quot;iso&quot;:&quot;0&quot;,&quot;shutter_speed&quot;:&quot;0&quot;,&quot;title&quot;:&quot;&quot;,&quot;orientation&quot;:&quot;0&quot;}\" data-image-title=\"S\u00fcrme Sistemler\" data-image-description=\"\" data-image-caption=\"&lt;p&gt;S\u00fcrme Do\u011frama&lt;\/p&gt;\n\" data-large-file=\"https:\/\/alc-systems.com\/wp-content\/uploads\/2019\/03\/s\u00fcrme-sistemleri.png\" class=\"alignnone size-medium wp-image-262\" src=\"https:\/\/alc-systems.com\/wp-content\/uploads\/2019\/03\/s\u00fcrme-sistemleri-300x245.png\" alt=\"\" width=\"300\" height=\"245\" srcset=\"https:\/\/alc-systems.com\/wp-content\/uploads\/2019\/03\/s\u00fcrme-sistemleri-300x245.png 300w, https:\/\/alc-systems.com\/wp-content\/uploads\/2019\/03\/s\u00fcrme-sistemleri.png 348w\" sizes=\"auto, (max-width: 300px) 100vw, 300px\" \/><\/p>\n<\/div><div class=\"col-md-8\">\n<p>ALC-SYSTEMS\u00a0 s\u00fcrme sistemlerinde Alcas Al\u00fcminyumun \u00fcst\u00fcn \u00f6zellikleri ve estetik g\u00f6r\u00fcn\u00fc\u015f\u00fc olan s\u00fcrme serilerini uygulamaktad\u0131r.<br \/>\n\u00c7ok \u015f\u0131k bir dizayn\u0131 olan AS50-AS55 serileri ile k\u00fc\u00e7\u00fck ebatl\u0131 do\u011framalar i\u00e7in yal\u0131t\u0131ms\u0131z ve yal\u0131t\u0131ml\u0131 s\u00fcrme ihtiyac\u0131n\u0131 \u00e7\u00f6zm\u00fc\u015ft\u00fcr. \u00d6zellikle Akdeniz ve Ege&#8217;de otellerin do\u011frama ihtiyac\u0131n\u0131 en iyi kar\u015f\u0131layan sistemlerdir. ALCAS ayr\u0131ca b\u00fcy\u00fck s\u00fcrmeler i\u00e7in AKS 129 ve AKS 129PLUS+ serilerini geli\u015ftirmi\u015ftir.<br \/>\nALCAS , AKS 129 s\u00fcrme sistemi, l\u00fcks ve kaliteli do\u011frama isteyen konut, otel ve yap\u0131 sekt\u00f6r\u00fcndeki talepler do\u011frultusunda tasarlanan su, \u0131s\u0131 ve ses yal\u0131t\u0131m\u0131n\u0131 maksimum d\u00fczeye \u00e7\u0131kartan ekonomik ve estetik bir kald\u0131r-s\u00fcr ve s\u00fcrme sistemidir.<br \/>\nAKS 129, kanat etraf\u0131nda \u00f6zel EPDM fitil tasarlanarak mevcut s\u00fcrmelerde k\u0131l fitil ile olu\u015fan yal\u0131t\u0131m sorunlar\u0131n\u0131 ortadan kald\u0131rarak su, \u0131s\u0131 ve ses yal\u0131t\u0131m\u0131n\u0131 art\u0131rm\u0131\u015ft\u0131r.<br \/>\nAKS 129; 150 ve 200 kg y\u00fck ta\u015f\u0131ma kapasitesine sahip aksesuarlar\u0131 sayesinde ekonomikli\u011fi \u00f6n planda tutmu\u015ftur. Sistem 1,5 ile 2 mm et kal\u0131nl\u0131\u011f\u0131nda olup, y\u00fcksek Jx ve Jy de\u011ferleri ile b\u00fcy\u00fck a\u00e7\u0131kl\u0131klar\u0131 sorunsuz ge\u00e7erek, mekanlarda ferah alanlar olu\u015fturup, rahat bir ya\u015fama alan\u0131 sunmaktad\u0131r.<br \/>\nY\u00fcksek yap\u0131larda s\u00fcrme do\u011frama sistemlerinin rahatl\u0131kla kullan\u0131labilmesi i\u00e7in \u00fcst d\u00fczeyde hava, su, \u0131s\u0131 ve ses yal\u0131t\u0131m\u0131n\u0131n yan\u0131 s\u0131ra,\u00a0 \u015fiddetli r\u00fczgar y\u00fcklerine\u00a0 kar\u015f\u0131 dayanabilen s\u00fcrme serisi ihtiyac\u0131na ALCAS , AKS PLUS+ sistemini geli\u015ftirmi\u015ftir.<br \/>\nS\u00fcrme sistemlerinde\u00a0 2 ve 3 rayl\u0131 se\u00e7enekler , kanatlar\u0131n sabit bir yerde toplanmas\u0131n\u0131 sa\u011flam\u0131\u015f, bu sayede b\u00fcy\u00fck a\u00e7\u0131kl\u0131klar elde edilmi\u015f, ayr\u0131ca kanatlar\u0131n 400 kg y\u00fck\u00fc ta\u015f\u0131yabilir olmas\u0131 d\u00fc\u015f\u00fcn\u00fclerek, sistem buna g\u00f6re haz\u0131rlanm\u0131\u015ft\u0131r. \u00d6zel tasar\u0131m\u0131yla su tahliyesini a\u015f\u0131r\u0131 ya\u011f\u0131\u015flarda bile rahatl\u0131kla yapabilmekte ve kanal i\u00e7erisinde suyu b\u0131rakmamaktad\u0131r.<br \/>\nAKS 129 PLUS+ sisteminde takviyeli kanat se\u00e7ene\u011fi ile y\u00fcksek kanatlarda rahatl\u0131kla kullan\u0131labilmektedir. AKS PLUS+ konforlu ve dayan\u0131kl\u0131 yap\u0131s\u0131 ile her t\u00fcrl\u00fc ihtiyac\u0131 kar\u015f\u0131layacak bir sistemdir.<\/p>\n<\/div><\/div>\n","protected":false},"excerpt":{"rendered":"","protected":false},"author":4,"featured_media":0,"parent":74,"menu_order":0,"comment_status":"closed","ping_status":"closed","template":"","meta":{"kt_blocks_editor_width":"","footnotes":""},"class_list":["post-105","page","type-page","status-publish","hentry"],"jetpack_shortlink":"https:\/\/wp.me\/PaMJF5-1H","jetpack_sharing_enabled":true,"amp_enabled":true,"_links":{"self":[{"href":"https:\/\/alc-systems.com\/index.php\/wp-json\/wp\/v2\/pages\/105","targetHints":{"allow":["GET"]}}],"collection":[{"href":"https:\/\/alc-systems.com\/index.php\/wp-json\/wp\/v2\/pages"}],"about":[{"href":"https:\/\/alc-systems.com\/index.php\/wp-json\/wp\/v2\/types\/page"}],"author":[{"embeddable":true,"href":"https:\/\/alc-systems.com\/index.php\/wp-json\/wp\/v2\/users\/4"}],"replies":[{"embeddable":true,"href":"https:\/\/alc-systems.com\/index.php\/wp-json\/wp\/v2\/comments?post=105"}],"version-history":[{"count":3,"href":"https:\/\/alc-systems.com\/index.php\/wp-json\/wp\/v2\/pages\/105\/revisions"}],"predecessor-version":[{"id":263,"href":"https:\/\/alc-systems.com\/index.php\/wp-json\/wp\/v2\/pages\/105\/revisions\/263"}],"up":[{"embeddable":true,"href":"https:\/\/alc-systems.com\/index.php\/wp-json\/wp\/v2\/pages\/74"}],"wp:attachment":[{"href":"https:\/\/alc-systems.com\/index.php\/wp-json\/wp\/v2\/media?parent=105"}],"curies":[{"name":"wp","href":"https:\/\/api.w.org\/{rel}","templated":true}]}}