{"id":103,"date":"2019-03-08T06:21:17","date_gmt":"2019-03-08T06:21:17","guid":{"rendered":"https:\/\/alc-systems.com\/?page_id=103"},"modified":"2019-03-09T12:02:50","modified_gmt":"2019-03-09T09:02:50","slug":"kapi-pencere","status":"publish","type":"page","link":"https:\/\/alc-systems.com\/index.php\/urunler\/kapi-pencere\/","title":{"rendered":"Kap\u0131-Pencere"},"content":{"rendered":"<div class=\"row\"> <div class=\"col-md-4\">\n<p><img loading=\"lazy\" decoding=\"async\" data-attachment-id=\"240\" data-permalink=\"https:\/\/alc-systems.com\/index.php\/urunler\/kapi-pencere-2\/\" data-orig-file=\"https:\/\/alc-systems.com\/wp-content\/uploads\/2019\/03\/Kap\u0131-Pencere.png\" data-orig-size=\"350,283\" data-comments-opened=\"1\" data-image-meta=\"{&quot;aperture&quot;:&quot;0&quot;,&quot;credit&quot;:&quot;&quot;,&quot;camera&quot;:&quot;&quot;,&quot;caption&quot;:&quot;&quot;,&quot;created_timestamp&quot;:&quot;0&quot;,&quot;copyright&quot;:&quot;&quot;,&quot;focal_length&quot;:&quot;0&quot;,&quot;iso&quot;:&quot;0&quot;,&quot;shutter_speed&quot;:&quot;0&quot;,&quot;title&quot;:&quot;&quot;,&quot;orientation&quot;:&quot;0&quot;}\" data-image-title=\"Kap\u0131-Pencere\" data-image-description=\"\" data-image-caption=\"&lt;p&gt;Kap\u0131-Pencere&lt;\/p&gt;\n\" data-large-file=\"https:\/\/alc-systems.com\/wp-content\/uploads\/2019\/03\/Kap\u0131-Pencere.png\" class=\"alignnone size-medium wp-image-240\" src=\"https:\/\/alc-systems.com\/wp-content\/uploads\/2019\/03\/Kap\u0131-Pencere-300x243.png\" alt=\"\" width=\"300\" height=\"243\" srcset=\"https:\/\/alc-systems.com\/wp-content\/uploads\/2019\/03\/Kap\u0131-Pencere-300x243.png 300w, https:\/\/alc-systems.com\/wp-content\/uploads\/2019\/03\/Kap\u0131-Pencere.png 350w\" sizes=\"auto, (max-width: 300px) 100vw, 300px\" \/><\/p>\n<\/div><div class=\"col-md-8\">\n<p>ALC-SYSTEMS, ALCAS S\u0130STEMLER\u0130&#8217;nin \u00fcretti\u011fi\u00a0 kap\u0131 ve pencere serileri ile imalat montaj yapmaktad\u0131r. ALCAS&#8217; \u0131n yal\u0131t\u0131ml\u0131 ve yal\u0131t\u0131ms\u0131z serileri bir \u00e7ok alternatife sahiptir. 2 farkl\u0131 et kal\u0131nl\u0131\u011f\u0131, 2 farkl\u0131\u00a0 y\u00fczey g\u00f6r\u00fcn\u00fcm\u00fc -oval ve d\u00fcz hatlar- olan \u00e7ok geni\u015f bir \u00fcr\u00fcn yelpazesine sahip,\u00a0 zengin profil ve aksesuar ar\u015fivi olan serilerdir.<br \/>\nALCAS\u00a0 Do\u011frama serilerinin en \u00f6nemli \u00f6zelli\u011fi ,muadillerinin aksine toz,hava,ses ve su ge\u00e7irmezli\u011fini t\u00fcm serilerinde ba\u015far\u0131yla uygulayabilmesidir. Yine do\u011frama sekt\u00f6r\u00fcnde yayg\u0131n bir kullan\u0131m\u0131 olan 1.1 mm ile 1.3 mm aras\u0131ndaki et kal\u0131nl\u0131\u011f\u0131na sahip profil \u00fcretmeyen ALCAS ,standart olarak 1.5 mm ve 2 mm et kal\u0131nl\u0131\u011f\u0131nda \u00fcretim yapmaktad\u0131r.<\/p>\n<\/div><\/div>\n","protected":false},"excerpt":{"rendered":"","protected":false},"author":4,"featured_media":0,"parent":74,"menu_order":0,"comment_status":"closed","ping_status":"closed","template":"","meta":{"kt_blocks_editor_width":"","footnotes":""},"class_list":["post-103","page","type-page","status-publish","hentry"],"jetpack_shortlink":"https:\/\/wp.me\/PaMJF5-1F","jetpack_sharing_enabled":true,"amp_enabled":true,"_links":{"self":[{"href":"https:\/\/alc-systems.com\/index.php\/wp-json\/wp\/v2\/pages\/103","targetHints":{"allow":["GET"]}}],"collection":[{"href":"https:\/\/alc-systems.com\/index.php\/wp-json\/wp\/v2\/pages"}],"about":[{"href":"https:\/\/alc-systems.com\/index.php\/wp-json\/wp\/v2\/types\/page"}],"author":[{"embeddable":true,"href":"https:\/\/alc-systems.com\/index.php\/wp-json\/wp\/v2\/users\/4"}],"replies":[{"embeddable":true,"href":"https:\/\/alc-systems.com\/index.php\/wp-json\/wp\/v2\/comments?post=103"}],"version-history":[{"count":3,"href":"https:\/\/alc-systems.com\/index.php\/wp-json\/wp\/v2\/pages\/103\/revisions"}],"predecessor-version":[{"id":242,"href":"https:\/\/alc-systems.com\/index.php\/wp-json\/wp\/v2\/pages\/103\/revisions\/242"}],"up":[{"embeddable":true,"href":"https:\/\/alc-systems.com\/index.php\/wp-json\/wp\/v2\/pages\/74"}],"wp:attachment":[{"href":"https:\/\/alc-systems.com\/index.php\/wp-json\/wp\/v2\/media?parent=103"}],"curies":[{"name":"wp","href":"https:\/\/api.w.org\/{rel}","templated":true}]}}