{"id":101,"date":"2019-03-08T06:20:40","date_gmt":"2019-03-08T06:20:40","guid":{"rendered":"https:\/\/alc-systems.com\/?page_id=101"},"modified":"2019-03-09T12:42:12","modified_gmt":"2019-03-09T09:42:12","slug":"ofis-bolme","status":"publish","type":"page","link":"https:\/\/alc-systems.com\/index.php\/urunler\/ofis-bolme\/","title":{"rendered":"Ofis B\u00f6lme"},"content":{"rendered":"<div class=\"row\"> <div class=\"col-md-4\">\n<p><img loading=\"lazy\" decoding=\"async\" data-attachment-id=\"256\" data-permalink=\"https:\/\/alc-systems.com\/index.php\/urunler\/ofis-bolme-2\/\" data-orig-file=\"https:\/\/alc-systems.com\/wp-content\/uploads\/2019\/03\/ofis-b\u00f6lme.png\" data-orig-size=\"348,283\" data-comments-opened=\"1\" data-image-meta=\"{&quot;aperture&quot;:&quot;0&quot;,&quot;credit&quot;:&quot;&quot;,&quot;camera&quot;:&quot;&quot;,&quot;caption&quot;:&quot;&quot;,&quot;created_timestamp&quot;:&quot;0&quot;,&quot;copyright&quot;:&quot;&quot;,&quot;focal_length&quot;:&quot;0&quot;,&quot;iso&quot;:&quot;0&quot;,&quot;shutter_speed&quot;:&quot;0&quot;,&quot;title&quot;:&quot;&quot;,&quot;orientation&quot;:&quot;0&quot;}\" data-image-title=\"Ofis B\u00f6lme\" data-image-description=\"\" data-image-caption=\"&lt;p&gt;Ofis B\u00f6lme&lt;\/p&gt;\n\" data-large-file=\"https:\/\/alc-systems.com\/wp-content\/uploads\/2019\/03\/ofis-b\u00f6lme.png\" class=\"alignnone size-medium wp-image-256\" src=\"https:\/\/alc-systems.com\/wp-content\/uploads\/2019\/03\/ofis-b\u00f6lme-300x244.png\" alt=\"\" width=\"300\" height=\"244\" srcset=\"https:\/\/alc-systems.com\/wp-content\/uploads\/2019\/03\/ofis-b\u00f6lme-300x244.png 300w, https:\/\/alc-systems.com\/wp-content\/uploads\/2019\/03\/ofis-b\u00f6lme.png 348w\" sizes=\"auto, (max-width: 300px) 100vw, 300px\" \/><\/p>\n<\/div><div class=\"col-md-8\">\n<p>ALC-SYSTEMS ofis b\u00f6lme sistemlerinde ALCAS S\u0130STEMLER\u0130&#8217;nin \u00fcr\u00fcn\u00fc olan INNOWALL ile hizmet vermektedir.<br \/>\nINNOWALL geni\u015f mekanlar\u0131n ofislere b\u00f6l\u00fcnme ihtiyac\u0131n\u0131 m\u00fckemmel bir \u015fekilde \u00e7\u00f6zmek i\u00e7in \u00fcretilmi\u015ftir. Ofis B\u00f6lme sistemi , kendi i\u00e7erisinde alternatif detaylar sunarak, \u00e7ok geni\u015f mimari ihtiya\u00e7lara cevap verebilmektedir.<br \/>\nSes yal\u0131t\u0131m\u0131n\u0131n \u00f6nemsendi\u011fi mekanlarda, \u00e7ift cam detay\u0131 ile \u00fcst d\u00fczeyde ses yal\u0131t\u0131m konforu, ayr\u0131ca \u00e7ift cam sistemin i\u00e7erisine jaluzi konulabilmesi ile de mekan\u0131n g\u00f6r\u00fcnt\u00fc \u015f\u0131kl\u0131\u011f\u0131 bozulmadan ofislerin birbirinden ayr\u0131\u015fmas\u0131 sa\u011flanmaktad\u0131r. Ses yal\u0131t\u0131m\u0131n\u0131n \u00f6nemsenmedi\u011fi mekanlara, tek cam detay\u0131 ile hem ekonomik hem de g\u00f6rsel olarak cevap verebilmektedir.<br \/>\nINNOWALL serisinin bir \u00f6nemli \u00f6zelli\u011fi ise \u00e7ift cam detay\u0131nda, jaluzi kutusunu sistemin i\u00e7erisine gizleyerek daha \u015f\u0131k g\u00f6r\u00fcnt\u00fc elde etmeye imkan vermesidir.<br \/>\nINNOWALL serisinin ta\u015f\u0131y\u0131c\u0131 profilleri 3 mt kat y\u00fcksekli\u011fini rahatl\u0131kla tek ba\u015f\u0131na ge\u00e7ebilmekte olup, b\u00f6lme duvarlardaki esnemeyi, sal\u0131n\u0131m\u0131 ve bundan dolay\u0131 olu\u015fabilecek problemleri de ortadan kald\u0131rmaktad\u0131r. Kat y\u00fcksekli\u011fi 3 mt den fazla olan yerlerde ise takviye kullanarak olu\u015fabilecek sal\u0131n\u0131mlar\u0131 \u00f6nlenmektedir.<br \/>\nINNOWALL serisiyle yap\u0131lan b\u00f6lme sistemlerinde yatay ve d\u00fc\u015fey hareketler \u00e7ok rahatl\u0131kla yap\u0131labilmekte ,ara a\u00e7\u0131larda bile d\u00f6n\u00fc\u015f sa\u011flayarak, mekanlara rahatl\u0131k ve g\u00f6rsellik sa\u011flamaktad\u0131r. Sistemde ah\u015fap, aluminyum kompozit panel, cam,kompakt laminant, vb. malzemelerin i\u00e7 i\u00e7e ve kombine olarak \u00e7al\u0131\u015fabilmesi de ayr\u0131ca g\u00f6rsel bir zenginlik sa\u011flamakta ve i\u00e7 mimari tasar\u0131mc\u0131lar\u0131n i\u015fini kolayla\u015ft\u0131rmaktad\u0131r. INNOWALL serisinde kullan\u0131lan par\u00e7alar\u0131n demonte \u00f6zelli\u011finin olmas\u0131 ise istenildi\u011fi durumda s\u00f6k\u00fcl\u00fcp ba\u015fka bir mekanda rahatl\u0131kla kullan\u0131labilmeyi sa\u011flamaktad\u0131r.<\/p>\n<\/div><\/div>\n","protected":false},"excerpt":{"rendered":"","protected":false},"author":4,"featured_media":0,"parent":74,"menu_order":0,"comment_status":"closed","ping_status":"closed","template":"","meta":{"kt_blocks_editor_width":"","footnotes":""},"class_list":["post-101","page","type-page","status-publish","hentry"],"jetpack_shortlink":"https:\/\/wp.me\/PaMJF5-1D","jetpack_sharing_enabled":true,"amp_enabled":true,"_links":{"self":[{"href":"https:\/\/alc-systems.com\/index.php\/wp-json\/wp\/v2\/pages\/101","targetHints":{"allow":["GET"]}}],"collection":[{"href":"https:\/\/alc-systems.com\/index.php\/wp-json\/wp\/v2\/pages"}],"about":[{"href":"https:\/\/alc-systems.com\/index.php\/wp-json\/wp\/v2\/types\/page"}],"author":[{"embeddable":true,"href":"https:\/\/alc-systems.com\/index.php\/wp-json\/wp\/v2\/users\/4"}],"replies":[{"embeddable":true,"href":"https:\/\/alc-systems.com\/index.php\/wp-json\/wp\/v2\/comments?post=101"}],"version-history":[{"count":3,"href":"https:\/\/alc-systems.com\/index.php\/wp-json\/wp\/v2\/pages\/101\/revisions"}],"predecessor-version":[{"id":257,"href":"https:\/\/alc-systems.com\/index.php\/wp-json\/wp\/v2\/pages\/101\/revisions\/257"}],"up":[{"embeddable":true,"href":"https:\/\/alc-systems.com\/index.php\/wp-json\/wp\/v2\/pages\/74"}],"wp:attachment":[{"href":"https:\/\/alc-systems.com\/index.php\/wp-json\/wp\/v2\/media?parent=101"}],"curies":[{"name":"wp","href":"https:\/\/api.w.org\/{rel}","templated":true}]}}